{"id":145,"date":"2023-06-05T15:05:47","date_gmt":"2023-06-05T13:05:47","guid":{"rendered":"https:\/\/www.javelot-agriculture.com\/?page_id=145"},"modified":"2024-12-10T15:17:51","modified_gmt":"2024-12-10T14:17:51","slug":"une-agritech-au-service-de-lapres-recolte","status":"publish","type":"page","link":"https:\/\/website.javelot.ag\/de\/uber-uns\/agtech-unternehmen-im-dienste-der-nacherntephase\/","title":{"rendered":"Ein Agrartechnik-Unternehmen f\u00fcr die Nachernte"},"content":{"rendered":"","protected":false},"excerpt":{"rendered":"","protected":false},"author":1,"featured_media":0,"parent":15,"menu_order":0,"comment_status":"closed","ping_status":"closed","template":"","meta":{"_acf_changed":false,"inline_featured_image":false,"footnotes":""},"class_list":["post-145","page","type-page","status-publish","hentry"],"acf":[],"yoast_head":"<!-- This site is optimized with the Yoast SEO plugin v23.9 - https:\/\/yoast.com\/wordpress\/plugins\/seo\/ -->\n<title>Solutions Connect\u00e9es pour Optimiser l&#039;Apr\u00e8s-R\u00e9colte | Javelot<\/title>\n<meta name=\"description\" content=\"Javelot propose des solutions connect\u00e9es pour am\u00e9liorer la performance de l\u2019apr\u00e8s-r\u00e9colte. D\u00e9couvrez comment notre technologie r\u00e9duit les pertes, optimise la conservation des grains, et contribue \u00e0 une agriculture durable.\" \/>\n<meta name=\"robots\" content=\"index, follow, max-snippet:-1, max-image-preview:large, max-video-preview:-1\" \/>\n<link rel=\"canonical\" href=\"https:\/\/website.javelot.ag\/de\/uber-uns\/agtech-unternehmen-im-dienste-der-nacherntephase\/\" \/>\n<meta property=\"og:locale\" content=\"de_DE\" \/>\n<meta property=\"og:type\" content=\"article\" \/>\n<meta property=\"og:title\" content=\"Solutions Connect\u00e9es pour Optimiser l&#039;Apr\u00e8s-R\u00e9colte | Javelot\" \/>\n<meta property=\"og:description\" content=\"Javelot propose des solutions connect\u00e9es pour am\u00e9liorer la performance de l\u2019apr\u00e8s-r\u00e9colte. D\u00e9couvrez comment notre technologie r\u00e9duit les pertes, optimise la conservation des grains, et contribue \u00e0 une agriculture durable.\" \/>\n<meta property=\"og:url\" content=\"https:\/\/website.javelot.ag\/de\/uber-uns\/agtech-unternehmen-im-dienste-der-nacherntephase\/\" \/>\n<meta property=\"og:site_name\" content=\"Javelot\" \/>\n<meta property=\"article:modified_time\" content=\"2024-12-10T14:17:51+00:00\" \/>\n<meta name=\"twitter:card\" content=\"summary_large_image\" \/>\n<meta name=\"twitter:label1\" content=\"Est. reading time\" \/>\n\t<meta name=\"twitter:data1\" content=\"8 minutes\" \/>\n<script type=\"application\/ld+json\" class=\"yoast-schema-graph\">{\"@context\":\"https:\/\/schema.org\",\"@graph\":[{\"@type\":\"WebPage\",\"@id\":\"https:\/\/website.javelot.ag\/qui-sommes-nous\/une-agritech-au-service-de-lapres-recolte\/\",\"url\":\"https:\/\/website.javelot.ag\/qui-sommes-nous\/une-agritech-au-service-de-lapres-recolte\/\",\"name\":\"Solutions Connect\u00e9es pour Optimiser l'Apr\u00e8s-R\u00e9colte | Javelot\",\"isPartOf\":{\"@id\":\"https:\/\/website.javelot.ag\/#website\"},\"datePublished\":\"2023-06-05T13:05:47+00:00\",\"dateModified\":\"2024-12-10T14:17:51+00:00\",\"description\":\"Javelot propose des solutions connect\u00e9es pour am\u00e9liorer la performance de l\u2019apr\u00e8s-r\u00e9colte. D\u00e9couvrez comment notre technologie r\u00e9duit les pertes, optimise la conservation des grains, et contribue \u00e0 une agriculture durable.\",\"breadcrumb\":{\"@id\":\"https:\/\/website.javelot.ag\/qui-sommes-nous\/une-agritech-au-service-de-lapres-recolte\/#breadcrumb\"},\"inLanguage\":\"de-DE\",\"potentialAction\":[{\"@type\":\"ReadAction\",\"target\":[\"https:\/\/website.javelot.ag\/qui-sommes-nous\/une-agritech-au-service-de-lapres-recolte\/\"]}]},{\"@type\":\"BreadcrumbList\",\"@id\":\"https:\/\/website.javelot.ag\/qui-sommes-nous\/une-agritech-au-service-de-lapres-recolte\/#breadcrumb\",\"itemListElement\":[{\"@type\":\"ListItem\",\"position\":1,\"name\":\"Accueil\",\"item\":\"https:\/\/website.javelot.ag\/\"},{\"@type\":\"ListItem\",\"position\":2,\"name\":\"Qui sommes nous ?\",\"item\":\"https:\/\/website.javelot.ag\/qui-sommes-nous\/\"},{\"@type\":\"ListItem\",\"position\":3,\"name\":\"Une agritech au service de l\u2019apr\u00e8s-r\u00e9colte\"}]},{\"@type\":\"WebSite\",\"@id\":\"https:\/\/website.javelot.ag\/#website\",\"url\":\"https:\/\/website.javelot.ag\/\",\"name\":\"Javelot\",\"description\":\"Une Agritech qui optimise le stockage et la logistique agricole\",\"publisher\":{\"@id\":\"https:\/\/website.javelot.ag\/#organization\"},\"potentialAction\":[{\"@type\":\"SearchAction\",\"target\":{\"@type\":\"EntryPoint\",\"urlTemplate\":\"https:\/\/website.javelot.ag\/?s={search_term_string}\"},\"query-input\":{\"@type\":\"PropertyValueSpecification\",\"valueRequired\":true,\"valueName\":\"search_term_string\"}}],\"inLanguage\":\"de-DE\"},{\"@type\":\"Organization\",\"@id\":\"https:\/\/website.javelot.ag\/#organization\",\"name\":\"Javelot\",\"url\":\"https:\/\/website.javelot.ag\/\",\"logo\":{\"@type\":\"ImageObject\",\"inLanguage\":\"de-DE\",\"@id\":\"https:\/\/website.javelot.ag\/#\/schema\/logo\/image\/\",\"url\":\"https:\/\/www.javelot-agriculture.com\/wp-content\/uploads\/2023\/07\/Group-85.svg\",\"contentUrl\":\"https:\/\/www.javelot-agriculture.com\/wp-content\/uploads\/2023\/07\/Group-85.svg\",\"width\":173,\"height\":176,\"caption\":\"Javelot\"},\"image\":{\"@id\":\"https:\/\/website.javelot.ag\/#\/schema\/logo\/image\/\"}}]}<\/script>\n<!-- \/ Yoast SEO plugin. -->","yoast_head_json":{"title":"Solutions Connect\u00e9es pour Optimiser l'Apr\u00e8s-R\u00e9colte | Javelot","description":"Javelot propose des solutions connect\u00e9es pour am\u00e9liorer la performance de l\u2019apr\u00e8s-r\u00e9colte. D\u00e9couvrez comment notre technologie r\u00e9duit les pertes, optimise la conservation des grains, et contribue \u00e0 une agriculture durable.","robots":{"index":"index","follow":"follow","max-snippet":"max-snippet:-1","max-image-preview":"max-image-preview:large","max-video-preview":"max-video-preview:-1"},"canonical":"https:\/\/website.javelot.ag\/de\/uber-uns\/agtech-unternehmen-im-dienste-der-nacherntephase\/","og_locale":"de_DE","og_type":"article","og_title":"Solutions Connect\u00e9es pour Optimiser l'Apr\u00e8s-R\u00e9colte | Javelot","og_description":"Javelot propose des solutions connect\u00e9es pour am\u00e9liorer la performance de l\u2019apr\u00e8s-r\u00e9colte. D\u00e9couvrez comment notre technologie r\u00e9duit les pertes, optimise la conservation des grains, et contribue \u00e0 une agriculture durable.","og_url":"https:\/\/website.javelot.ag\/de\/uber-uns\/agtech-unternehmen-im-dienste-der-nacherntephase\/","og_site_name":"Javelot","article_modified_time":"2024-12-10T14:17:51+00:00","twitter_card":"summary_large_image","twitter_misc":{"Est. reading time":"8 minutes"},"schema":{"@context":"https:\/\/schema.org","@graph":[{"@type":"WebPage","@id":"https:\/\/website.javelot.ag\/qui-sommes-nous\/une-agritech-au-service-de-lapres-recolte\/","url":"https:\/\/website.javelot.ag\/qui-sommes-nous\/une-agritech-au-service-de-lapres-recolte\/","name":"Solutions Connect\u00e9es pour Optimiser l'Apr\u00e8s-R\u00e9colte | Javelot","isPartOf":{"@id":"https:\/\/website.javelot.ag\/#website"},"datePublished":"2023-06-05T13:05:47+00:00","dateModified":"2024-12-10T14:17:51+00:00","description":"Javelot propose des solutions connect\u00e9es pour am\u00e9liorer la performance de l\u2019apr\u00e8s-r\u00e9colte. D\u00e9couvrez comment notre technologie r\u00e9duit les pertes, optimise la conservation des grains, et contribue \u00e0 une agriculture durable.","breadcrumb":{"@id":"https:\/\/website.javelot.ag\/qui-sommes-nous\/une-agritech-au-service-de-lapres-recolte\/#breadcrumb"},"inLanguage":"de-DE","potentialAction":[{"@type":"ReadAction","target":["https:\/\/website.javelot.ag\/qui-sommes-nous\/une-agritech-au-service-de-lapres-recolte\/"]}]},{"@type":"BreadcrumbList","@id":"https:\/\/website.javelot.ag\/qui-sommes-nous\/une-agritech-au-service-de-lapres-recolte\/#breadcrumb","itemListElement":[{"@type":"ListItem","position":1,"name":"Accueil","item":"https:\/\/website.javelot.ag\/"},{"@type":"ListItem","position":2,"name":"Qui sommes nous ?","item":"https:\/\/website.javelot.ag\/qui-sommes-nous\/"},{"@type":"ListItem","position":3,"name":"Une agritech au service de l\u2019apr\u00e8s-r\u00e9colte"}]},{"@type":"WebSite","@id":"https:\/\/website.javelot.ag\/#website","url":"https:\/\/website.javelot.ag\/","name":"Javelot","description":"Une Agritech qui optimise le stockage et la logistique agricole","publisher":{"@id":"https:\/\/website.javelot.ag\/#organization"},"potentialAction":[{"@type":"SearchAction","target":{"@type":"EntryPoint","urlTemplate":"https:\/\/website.javelot.ag\/?s={search_term_string}"},"query-input":{"@type":"PropertyValueSpecification","valueRequired":true,"valueName":"search_term_string"}}],"inLanguage":"de-DE"},{"@type":"Organization","@id":"https:\/\/website.javelot.ag\/#organization","name":"Javelot","url":"https:\/\/website.javelot.ag\/","logo":{"@type":"ImageObject","inLanguage":"de-DE","@id":"https:\/\/website.javelot.ag\/#\/schema\/logo\/image\/","url":"https:\/\/www.javelot-agriculture.com\/wp-content\/uploads\/2023\/07\/Group-85.svg","contentUrl":"https:\/\/www.javelot-agriculture.com\/wp-content\/uploads\/2023\/07\/Group-85.svg","width":173,"height":176,"caption":"Javelot"},"image":{"@id":"https:\/\/website.javelot.ag\/#\/schema\/logo\/image\/"}}]}},"_links":{"self":[{"href":"https:\/\/website.javelot.ag\/de\/wp-json\/wp\/v2\/pages\/145","targetHints":{"allow":["GET"]}}],"collection":[{"href":"https:\/\/website.javelot.ag\/de\/wp-json\/wp\/v2\/pages"}],"about":[{"href":"https:\/\/website.javelot.ag\/de\/wp-json\/wp\/v2\/types\/page"}],"author":[{"embeddable":true,"href":"https:\/\/website.javelot.ag\/de\/wp-json\/wp\/v2\/users\/1"}],"replies":[{"embeddable":true,"href":"https:\/\/website.javelot.ag\/de\/wp-json\/wp\/v2\/comments?post=145"}],"version-history":[{"count":1,"href":"https:\/\/website.javelot.ag\/de\/wp-json\/wp\/v2\/pages\/145\/revisions"}],"predecessor-version":[{"id":148,"href":"https:\/\/website.javelot.ag\/de\/wp-json\/wp\/v2\/pages\/145\/revisions\/148"}],"up":[{"embeddable":true,"href":"https:\/\/website.javelot.ag\/de\/wp-json\/wp\/v2\/pages\/15"}],"wp:attachment":[{"href":"https:\/\/website.javelot.ag\/de\/wp-json\/wp\/v2\/media?parent=145"}],"curies":[{"name":"wp","href":"https:\/\/api.w.org\/{rel}","templated":true}]}}