{"id":21,"date":"2023-05-09T12:03:57","date_gmt":"2023-05-09T10:03:57","guid":{"rendered":"https:\/\/www.javelot-agriculture.com\/?page_id=21"},"modified":"2024-12-10T15:16:00","modified_gmt":"2024-12-10T14:16:00","slug":"mentions-legales","status":"publish","type":"page","link":"https:\/\/website.javelot.ag\/de\/legale-erwahnungen\/","title":{"rendered":"Rechtliche Hinweise"},"content":{"rendered":"<h2 class=\"wp-block-heading\">Kontaktdaten<\/h2>\n\n\n\n<p>Javelot ist eine gesch\u00fctzte Marke.<br>Die Webseiten www.javelot.ag - www.javelot-agriculture.com - www.shop.javelot.ag - app.javelot.ag sind Eigentum von:<br>Javelot, eine vereinfachte Aktiengesellschaft mit einem Kapital von 5.400 \u20ac und dem eingetragenen Sitz in 1001 Avenue de la R\u00e9publique, 59700 Marcq-en-Bar\u0153ul, Frankreich<br>Eingetragen unter der Nummer 834 648 677 RCS Lille M\u00e9tropole.<br>E-Mail: info@javelot.ag<br>Telefon: +33 3 66 88 21 94<br>Herausgeber: Herr F\u00e9lix BONDUELLE, Generaldirektor der Gesellschaft Javelot.<\/p>\n\n\n\n<h2 class=\"wp-block-heading\">Hosting:<\/h2>\n\n\n\n<p class=\" translation-block\">Die Website www.javelot-agriculture.com wird von<br>\nOVH SAS, mit einem Kapital von 10 069 020 \u20ac, gehostet.<br>\nRCS Lille M\u00e9tropole 424 761 419 00045<br>\nAPE-Code 2620Z<br>\nMwSt-NUMMER: FR 22 424 761 419<br>\nEingetragener Sitz: 2 Rue Kellermann - 59100 Roubaix - Frankreich<\/p>\n\n\n\n<h2 class=\"wp-block-heading\">Erstellung: &nbsp;<\/h2>\n\n\n\n<p class=\" translation-block\">Die Website www.javelot-agriculture.com wurde von der Agentur IT-Room erstellt.<br>\nAPE-Code 6202A<br>\nMwSt-NUMMER: FR29430032854<br>\nHauptsitz: 5 All\u00e9e Gabert - 59510 Hem - Frankreich<\/p>\n\n\n\n<h2 class=\"wp-block-heading\">CNIL-Erkl\u00e4rung<\/h2>\n\n\n\n<p>Gem\u00e4\u00df dem Gesetz 78-17 vom 6. Januar 1978 \u00fcber Informatik, Dateien und Freiheiten war diese Website Gegenstand einer vereinfachten Erkl\u00e4rung Nummer 48 bei der Commission Nationale de l'Informatique et des Libert\u00e9s (CNIL) (dt. Nationale Kommission f\u00fcr Informationsverarbeitung und Freiheit) unter der Nummer 2097157 v 0.<\/p>\n\n\n\n<p>Im Laufe Ihres Besuchs auf dieser Website oder bei der Nutzung der Javelot-Dienste k\u00f6nnen Sie aufgefordert werden, pers\u00f6nliche, namentliche Informationen \u00fcber Sie einzugeben (Name, Vorname, E-Mail, Unternehmen, Telefonnummer, Adresse, ... ).<\/p>\n\n\n\n<p>Wir weisen darauf hin, dass diese \u00fcber ein Formular oder auf andere Weise gesammelten Daten von Javelot in einer Computerdatei gespeichert werden und f\u00fcr die EDV-Abteilung, die Marketingabteilung und die Vertriebsabteilung bestimmt sind. Diese Informationen werden unter keinen Umst\u00e4nden kostenlos oder entgeltlich an Dritte, nat\u00fcrliche oder juristische Personen, weitergegeben.<\/p>\n\n\n\n<p>Gem\u00e4\u00df dem Gesetz \"Informatik und Freiheiten\" k\u00f6nnen Sie Ihr Recht auf Zugang zu den Sie betreffenden Daten aus\u00fcben und diese berichtigen lassen, indem Sie sich an folgende Adresse wenden: info@javelot.ag<\/p>\n\n\n\n<h2 class=\"wp-block-heading\">Konformit\u00e4t mit der EU-Richtlinie<\/h2>\n\n\n\n<p>Der Unterzeichner, Javelot, erkl\u00e4rt, dass die Funkanlage des Typs, Flat'Javelot, Exte'Javelot, Verti'Javelot, Connect'Javelot, Venti'Javelot der Richtlinie 2014\/53\/EU entspricht.<\/p>\n\n\n\n<p>Der vollst\u00e4ndige Text der EU-Konformit\u00e4tserkl\u00e4rung ist unter den folgenden Links verf\u00fcgbar:<\/p>\n\n\n\n<ul class=\"wp-block-list\">\n<li><a href=\"http:\/\/www.javelot.ag\/docs\/DECLARATION-CONFORMITE-RED-FlatJavelot.pdf\">EU-Konformit\u00e4tserkl\u00e4rung - Flat'Javelot<\/a><\/li>\n\n\n\n<li><a href=\"http:\/\/www.javelot.ag\/docs\/DECLARATION-CONFORMITE-RED-VertiJavelot.pdf\">EU-Konformit\u00e4tserkl\u00e4rung - Verti'Javelot<\/a><\/li>\n<\/ul>\n\n\n\n<h2 class=\"wp-block-heading\">Geistiges Eigentum<\/h2>\n\n\n\n<p>Die allgemeine Struktur sowie die Texte, Bilder und Animationen, aus denen diese Website besteht, sind Eigentum der Firma Javelot oder von Dritten, die Javelot die Erlaubnis erteilt haben, sie zu nutzen. Diese Elemente sind durch die Gesetzgebung \u00fcber das Urheberrecht, \u00fcber Zeichnungen und Modelle sowie durch die Gesetzgebung \u00fcber das Markenrecht (insbesondere in Bezug auf die Marke Javelot) gesch\u00fctzt. Folglich ist jede vollst\u00e4ndige oder teilweise Reproduktion, Verwendung, Darstellung, Wiedergabe oder Anpassung eines dieser Elemente ohne ausdr\u00fcckliche und vorherige Genehmigung von Javelot verboten, abgesehen von den in Artikel L.122-5 des Gesetzes \u00fcber geistiges Eigentum genannten Ausnahmen.<\/p>\n\n\n\n<p>Diese Darstellung oder Vervielf\u00e4ltigung, gleichg\u00fcltig durch welches Verfahren, stellt ein Vergehen der F\u00e4lschung von Urheberrechten und\/oder Geschmacksmustern und\/oder Marken dar, das mit den in der geltenden Gesetzgebung vorgesehenen straf- und zivilrechtlichen Strafen geahndet wird.<\/p>","protected":false},"excerpt":{"rendered":"<p>Kontaktinformationen: Javelot ist eine gesch\u00fctzte Marke.Die Websites www.javelot.ag - www.javelot-agriculture.com - www.shop.javelot.ag - app.javelot.ag sind Eigentum von:Javelot, Soci\u00e9t\u00e9 par Actions Simplifi\u00e9e au capital de 5 400\u20ac ayant son si\u00e8ge social au 1001 Avenue de la R\u00e9publique, 59700 Marcq-en-Bar\u0153ul, Franceimmatricul\u00e9 sous le num\u00e9ro 834 648 677 RCS Lille M\u00e9tropoleEmail: info@javelot.agT\u00e9l\u00e9phone: +33 3 [...].<\/p>","protected":false},"author":1,"featured_media":0,"parent":0,"menu_order":0,"comment_status":"closed","ping_status":"closed","template":"","meta":{"_acf_changed":false,"inline_featured_image":false,"footnotes":""},"class_list":["post-21","page","type-page","status-publish","hentry"],"acf":[],"yoast_head":"<!-- This site is optimized with the Yoast SEO plugin v23.9 - https:\/\/yoast.com\/wordpress\/plugins\/seo\/ -->\n<title>Mentions l\u00e9gales Javelot : Sp\u00e9cialiste de l&#039;agriculture connect\u00e9e<\/title>\n<meta name=\"description\" content=\"Consultez les mentions l\u00e9gales de Javelot : informations sur l&#039;h\u00e9bergement, la propri\u00e9t\u00e9 intellectuelle, la conformit\u00e9 CNIL, et les coordonn\u00e9es l\u00e9gales de notre entreprise.\" \/>\n<meta name=\"robots\" content=\"index, follow, max-snippet:-1, max-image-preview:large, max-video-preview:-1\" \/>\n<link rel=\"canonical\" href=\"https:\/\/website.javelot.ag\/de\/legale-erwahnungen\/\" \/>\n<meta property=\"og:locale\" content=\"de_DE\" \/>\n<meta property=\"og:type\" content=\"article\" \/>\n<meta property=\"og:title\" content=\"Mentions l\u00e9gales Javelot : Sp\u00e9cialiste de l&#039;agriculture connect\u00e9e\" \/>\n<meta property=\"og:description\" content=\"Consultez les mentions l\u00e9gales de Javelot : informations sur l&#039;h\u00e9bergement, la propri\u00e9t\u00e9 intellectuelle, la conformit\u00e9 CNIL, et les coordonn\u00e9es l\u00e9gales de notre entreprise.\" \/>\n<meta property=\"og:url\" content=\"https:\/\/website.javelot.ag\/de\/legale-erwahnungen\/\" \/>\n<meta property=\"og:site_name\" content=\"Javelot\" \/>\n<meta property=\"article:modified_time\" content=\"2024-12-10T14:16:00+00:00\" \/>\n<meta name=\"twitter:card\" content=\"summary_large_image\" \/>\n<meta name=\"twitter:label1\" content=\"Est. reading time\" \/>\n\t<meta name=\"twitter:data1\" content=\"3 minutes\" \/>\n<script type=\"application\/ld+json\" class=\"yoast-schema-graph\">{\"@context\":\"https:\/\/schema.org\",\"@graph\":[{\"@type\":\"WebPage\",\"@id\":\"https:\/\/website.javelot.ag\/pl\/pelne-oceny\/\",\"url\":\"https:\/\/website.javelot.ag\/pl\/pelne-oceny\/\",\"name\":\"Mentions l\u00e9gales Javelot : Sp\u00e9cialiste de l'agriculture connect\u00e9e\",\"isPartOf\":{\"@id\":\"https:\/\/website.javelot.ag\/#website\"},\"datePublished\":\"2023-05-09T10:03:57+00:00\",\"dateModified\":\"2024-12-10T14:16:00+00:00\",\"description\":\"Consultez les mentions l\u00e9gales de Javelot : informations sur l'h\u00e9bergement, la propri\u00e9t\u00e9 intellectuelle, la conformit\u00e9 CNIL, et les coordonn\u00e9es l\u00e9gales de notre entreprise.\",\"breadcrumb\":{\"@id\":\"https:\/\/website.javelot.ag\/pl\/pelne-oceny\/#breadcrumb\"},\"inLanguage\":\"de-DE\",\"potentialAction\":[{\"@type\":\"ReadAction\",\"target\":[\"https:\/\/website.javelot.ag\/pl\/pelne-oceny\/\"]}]},{\"@type\":\"BreadcrumbList\",\"@id\":\"https:\/\/website.javelot.ag\/pl\/pelne-oceny\/#breadcrumb\",\"itemListElement\":[{\"@type\":\"ListItem\",\"position\":1,\"name\":\"Accueil\",\"item\":\"https:\/\/website.javelot.ag\/\"},{\"@type\":\"ListItem\",\"position\":2,\"name\":\"Mentions l\u00e9gales\"}]},{\"@type\":\"WebSite\",\"@id\":\"https:\/\/website.javelot.ag\/#website\",\"url\":\"https:\/\/website.javelot.ag\/\",\"name\":\"Javelot\",\"description\":\"Une Agritech qui optimise le stockage et la logistique agricole\",\"publisher\":{\"@id\":\"https:\/\/website.javelot.ag\/#organization\"},\"potentialAction\":[{\"@type\":\"SearchAction\",\"target\":{\"@type\":\"EntryPoint\",\"urlTemplate\":\"https:\/\/website.javelot.ag\/?s={search_term_string}\"},\"query-input\":{\"@type\":\"PropertyValueSpecification\",\"valueRequired\":true,\"valueName\":\"search_term_string\"}}],\"inLanguage\":\"de-DE\"},{\"@type\":\"Organization\",\"@id\":\"https:\/\/website.javelot.ag\/#organization\",\"name\":\"Javelot\",\"url\":\"https:\/\/website.javelot.ag\/\",\"logo\":{\"@type\":\"ImageObject\",\"inLanguage\":\"de-DE\",\"@id\":\"https:\/\/website.javelot.ag\/#\/schema\/logo\/image\/\",\"url\":\"https:\/\/www.javelot-agriculture.com\/wp-content\/uploads\/2023\/07\/Group-85.svg\",\"contentUrl\":\"https:\/\/www.javelot-agriculture.com\/wp-content\/uploads\/2023\/07\/Group-85.svg\",\"width\":173,\"height\":176,\"caption\":\"Javelot\"},\"image\":{\"@id\":\"https:\/\/website.javelot.ag\/#\/schema\/logo\/image\/\"}}]}<\/script>\n<!-- \/ Yoast SEO plugin. -->","yoast_head_json":{"title":"Mentions l\u00e9gales Javelot : Sp\u00e9cialiste de l'agriculture connect\u00e9e","description":"Consultez les mentions l\u00e9gales de Javelot : informations sur l'h\u00e9bergement, la propri\u00e9t\u00e9 intellectuelle, la conformit\u00e9 CNIL, et les coordonn\u00e9es l\u00e9gales de notre entreprise.","robots":{"index":"index","follow":"follow","max-snippet":"max-snippet:-1","max-image-preview":"max-image-preview:large","max-video-preview":"max-video-preview:-1"},"canonical":"https:\/\/website.javelot.ag\/de\/legale-erwahnungen\/","og_locale":"de_DE","og_type":"article","og_title":"Mentions l\u00e9gales Javelot : Sp\u00e9cialiste de l'agriculture connect\u00e9e","og_description":"Consultez les mentions l\u00e9gales de Javelot : informations sur l'h\u00e9bergement, la propri\u00e9t\u00e9 intellectuelle, la conformit\u00e9 CNIL, et les coordonn\u00e9es l\u00e9gales de notre entreprise.","og_url":"https:\/\/website.javelot.ag\/de\/legale-erwahnungen\/","og_site_name":"Javelot","article_modified_time":"2024-12-10T14:16:00+00:00","twitter_card":"summary_large_image","twitter_misc":{"Est. reading time":"3 minutes"},"schema":{"@context":"https:\/\/schema.org","@graph":[{"@type":"WebPage","@id":"https:\/\/website.javelot.ag\/pl\/pelne-oceny\/","url":"https:\/\/website.javelot.ag\/pl\/pelne-oceny\/","name":"Mentions l\u00e9gales Javelot : Sp\u00e9cialiste de l'agriculture connect\u00e9e","isPartOf":{"@id":"https:\/\/website.javelot.ag\/#website"},"datePublished":"2023-05-09T10:03:57+00:00","dateModified":"2024-12-10T14:16:00+00:00","description":"Consultez les mentions l\u00e9gales de Javelot : informations sur l'h\u00e9bergement, la propri\u00e9t\u00e9 intellectuelle, la conformit\u00e9 CNIL, et les coordonn\u00e9es l\u00e9gales de notre entreprise.","breadcrumb":{"@id":"https:\/\/website.javelot.ag\/pl\/pelne-oceny\/#breadcrumb"},"inLanguage":"de-DE","potentialAction":[{"@type":"ReadAction","target":["https:\/\/website.javelot.ag\/pl\/pelne-oceny\/"]}]},{"@type":"BreadcrumbList","@id":"https:\/\/website.javelot.ag\/pl\/pelne-oceny\/#breadcrumb","itemListElement":[{"@type":"ListItem","position":1,"name":"Accueil","item":"https:\/\/website.javelot.ag\/"},{"@type":"ListItem","position":2,"name":"Mentions l\u00e9gales"}]},{"@type":"WebSite","@id":"https:\/\/website.javelot.ag\/#website","url":"https:\/\/website.javelot.ag\/","name":"Javelot","description":"Une Agritech qui optimise le stockage et la logistique agricole","publisher":{"@id":"https:\/\/website.javelot.ag\/#organization"},"potentialAction":[{"@type":"SearchAction","target":{"@type":"EntryPoint","urlTemplate":"https:\/\/website.javelot.ag\/?s={search_term_string}"},"query-input":{"@type":"PropertyValueSpecification","valueRequired":true,"valueName":"search_term_string"}}],"inLanguage":"de-DE"},{"@type":"Organization","@id":"https:\/\/website.javelot.ag\/#organization","name":"Javelot","url":"https:\/\/website.javelot.ag\/","logo":{"@type":"ImageObject","inLanguage":"de-DE","@id":"https:\/\/website.javelot.ag\/#\/schema\/logo\/image\/","url":"https:\/\/www.javelot-agriculture.com\/wp-content\/uploads\/2023\/07\/Group-85.svg","contentUrl":"https:\/\/www.javelot-agriculture.com\/wp-content\/uploads\/2023\/07\/Group-85.svg","width":173,"height":176,"caption":"Javelot"},"image":{"@id":"https:\/\/website.javelot.ag\/#\/schema\/logo\/image\/"}}]}},"_links":{"self":[{"href":"https:\/\/website.javelot.ag\/de\/wp-json\/wp\/v2\/pages\/21","targetHints":{"allow":["GET"]}}],"collection":[{"href":"https:\/\/website.javelot.ag\/de\/wp-json\/wp\/v2\/pages"}],"about":[{"href":"https:\/\/website.javelot.ag\/de\/wp-json\/wp\/v2\/types\/page"}],"author":[{"embeddable":true,"href":"https:\/\/website.javelot.ag\/de\/wp-json\/wp\/v2\/users\/1"}],"replies":[{"embeddable":true,"href":"https:\/\/website.javelot.ag\/de\/wp-json\/wp\/v2\/comments?post=21"}],"version-history":[{"count":5,"href":"https:\/\/website.javelot.ag\/de\/wp-json\/wp\/v2\/pages\/21\/revisions"}],"predecessor-version":[{"id":2256,"href":"https:\/\/website.javelot.ag\/de\/wp-json\/wp\/v2\/pages\/21\/revisions\/2256"}],"wp:attachment":[{"href":"https:\/\/website.javelot.ag\/de\/wp-json\/wp\/v2\/media?parent=21"}],"curies":[{"name":"wp","href":"https:\/\/api.w.org\/{rel}","templated":true}]}}