{"id":146,"date":"2023-06-05T15:06:00","date_gmt":"2023-06-05T13:06:00","guid":{"rendered":"https:\/\/www.javelot-agriculture.com\/?page_id=146"},"modified":"2024-12-10T15:18:11","modified_gmt":"2024-12-10T14:18:11","slug":"historique","status":"publish","type":"page","link":"https:\/\/website.javelot.ag\/en\/who-are-we\/history-and-investors\/","title":{"rendered":"History and investors"},"content":{"rendered":"","protected":false},"excerpt":{"rendered":"","protected":false},"author":1,"featured_media":0,"parent":15,"menu_order":0,"comment_status":"closed","ping_status":"closed","template":"","meta":{"_acf_changed":false,"inline_featured_image":false,"footnotes":""},"class_list":["post-146","page","type-page","status-publish","hentry"],"acf":[],"yoast_head":"<!-- This site is optimized with the Yoast SEO plugin v23.9 - https:\/\/yoast.com\/wordpress\/plugins\/seo\/ -->\n<title>L&#039;histoire d&#039;une Agritech au service de l&#039;apr\u00e8s-r\u00e9colte | Javelot<\/title>\n<meta name=\"description\" content=\"De la naissance d\u2019une Agritech jusqu&#039;\u00e0 son d\u00e9veloppement \u00e0 l\u2019international, d\u00e9couvrez nos engagements pour r\u00e9pondre aux besoins et enjeux de demain.\" \/>\n<meta name=\"robots\" content=\"index, follow, max-snippet:-1, max-image-preview:large, max-video-preview:-1\" \/>\n<link rel=\"canonical\" href=\"https:\/\/website.javelot.ag\/en\/who-are-we\/history-and-investors\/\" \/>\n<meta property=\"og:locale\" content=\"en_GB\" \/>\n<meta property=\"og:type\" content=\"article\" \/>\n<meta property=\"og:title\" content=\"L&#039;histoire d&#039;une Agritech au service de l&#039;apr\u00e8s-r\u00e9colte | Javelot\" \/>\n<meta property=\"og:description\" content=\"De la naissance d\u2019une Agritech jusqu&#039;\u00e0 son d\u00e9veloppement \u00e0 l\u2019international, d\u00e9couvrez nos engagements pour r\u00e9pondre aux besoins et enjeux de demain.\" \/>\n<meta property=\"og:url\" content=\"https:\/\/website.javelot.ag\/en\/who-are-we\/history-and-investors\/\" \/>\n<meta property=\"og:site_name\" content=\"Javelot\" \/>\n<meta property=\"article:modified_time\" content=\"2024-12-10T14:18:11+00:00\" \/>\n<meta name=\"twitter:card\" content=\"summary_large_image\" \/>\n<meta name=\"twitter:label1\" content=\"Est. reading time\" \/>\n\t<meta name=\"twitter:data1\" content=\"5 minutes\" \/>\n<script type=\"application\/ld+json\" class=\"yoast-schema-graph\">{\"@context\":\"https:\/\/schema.org\",\"@graph\":[{\"@type\":\"WebPage\",\"@id\":\"https:\/\/website.javelot.ag\/qui-sommes-nous\/historique\/\",\"url\":\"https:\/\/website.javelot.ag\/qui-sommes-nous\/historique\/\",\"name\":\"L'histoire d'une Agritech au service de l'apr\u00e8s-r\u00e9colte | Javelot\",\"isPartOf\":{\"@id\":\"https:\/\/website.javelot.ag\/#website\"},\"datePublished\":\"2023-06-05T13:06:00+00:00\",\"dateModified\":\"2024-12-10T14:18:11+00:00\",\"description\":\"De la naissance d\u2019une Agritech jusqu'\u00e0 son d\u00e9veloppement \u00e0 l\u2019international, d\u00e9couvrez nos engagements pour r\u00e9pondre aux besoins et enjeux de demain.\",\"breadcrumb\":{\"@id\":\"https:\/\/website.javelot.ag\/qui-sommes-nous\/historique\/#breadcrumb\"},\"inLanguage\":\"en-GB\",\"potentialAction\":[{\"@type\":\"ReadAction\",\"target\":[\"https:\/\/website.javelot.ag\/qui-sommes-nous\/historique\/\"]}]},{\"@type\":\"BreadcrumbList\",\"@id\":\"https:\/\/website.javelot.ag\/qui-sommes-nous\/historique\/#breadcrumb\",\"itemListElement\":[{\"@type\":\"ListItem\",\"position\":1,\"name\":\"Accueil\",\"item\":\"https:\/\/website.javelot.ag\/\"},{\"@type\":\"ListItem\",\"position\":2,\"name\":\"Qui sommes nous ?\",\"item\":\"https:\/\/website.javelot.ag\/qui-sommes-nous\/\"},{\"@type\":\"ListItem\",\"position\":3,\"name\":\"Historique\"}]},{\"@type\":\"WebSite\",\"@id\":\"https:\/\/website.javelot.ag\/#website\",\"url\":\"https:\/\/website.javelot.ag\/\",\"name\":\"Javelot\",\"description\":\"Une Agritech qui optimise le stockage et la logistique agricole\",\"publisher\":{\"@id\":\"https:\/\/website.javelot.ag\/#organization\"},\"potentialAction\":[{\"@type\":\"SearchAction\",\"target\":{\"@type\":\"EntryPoint\",\"urlTemplate\":\"https:\/\/website.javelot.ag\/?s={search_term_string}\"},\"query-input\":{\"@type\":\"PropertyValueSpecification\",\"valueRequired\":true,\"valueName\":\"search_term_string\"}}],\"inLanguage\":\"en-GB\"},{\"@type\":\"Organization\",\"@id\":\"https:\/\/website.javelot.ag\/#organization\",\"name\":\"Javelot\",\"url\":\"https:\/\/website.javelot.ag\/\",\"logo\":{\"@type\":\"ImageObject\",\"inLanguage\":\"en-GB\",\"@id\":\"https:\/\/website.javelot.ag\/#\/schema\/logo\/image\/\",\"url\":\"https:\/\/www.javelot-agriculture.com\/wp-content\/uploads\/2023\/07\/Group-85.svg\",\"contentUrl\":\"https:\/\/www.javelot-agriculture.com\/wp-content\/uploads\/2023\/07\/Group-85.svg\",\"width\":173,\"height\":176,\"caption\":\"Javelot\"},\"image\":{\"@id\":\"https:\/\/website.javelot.ag\/#\/schema\/logo\/image\/\"}}]}<\/script>\n<!-- \/ Yoast SEO plugin. -->","yoast_head_json":{"title":"L'histoire d'une Agritech au service de l'apr\u00e8s-r\u00e9colte | Javelot","description":"De la naissance d\u2019une Agritech jusqu'\u00e0 son d\u00e9veloppement \u00e0 l\u2019international, d\u00e9couvrez nos engagements pour r\u00e9pondre aux besoins et enjeux de demain.","robots":{"index":"index","follow":"follow","max-snippet":"max-snippet:-1","max-image-preview":"max-image-preview:large","max-video-preview":"max-video-preview:-1"},"canonical":"https:\/\/website.javelot.ag\/en\/who-are-we\/history-and-investors\/","og_locale":"en_GB","og_type":"article","og_title":"L'histoire d'une Agritech au service de l'apr\u00e8s-r\u00e9colte | Javelot","og_description":"De la naissance d\u2019une Agritech jusqu'\u00e0 son d\u00e9veloppement \u00e0 l\u2019international, d\u00e9couvrez nos engagements pour r\u00e9pondre aux besoins et enjeux de demain.","og_url":"https:\/\/website.javelot.ag\/en\/who-are-we\/history-and-investors\/","og_site_name":"Javelot","article_modified_time":"2024-12-10T14:18:11+00:00","twitter_card":"summary_large_image","twitter_misc":{"Est. reading time":"5 minutes"},"schema":{"@context":"https:\/\/schema.org","@graph":[{"@type":"WebPage","@id":"https:\/\/website.javelot.ag\/qui-sommes-nous\/historique\/","url":"https:\/\/website.javelot.ag\/qui-sommes-nous\/historique\/","name":"L'histoire d'une Agritech au service de l'apr\u00e8s-r\u00e9colte | Javelot","isPartOf":{"@id":"https:\/\/website.javelot.ag\/#website"},"datePublished":"2023-06-05T13:06:00+00:00","dateModified":"2024-12-10T14:18:11+00:00","description":"De la naissance d\u2019une Agritech jusqu'\u00e0 son d\u00e9veloppement \u00e0 l\u2019international, d\u00e9couvrez nos engagements pour r\u00e9pondre aux besoins et enjeux de demain.","breadcrumb":{"@id":"https:\/\/website.javelot.ag\/qui-sommes-nous\/historique\/#breadcrumb"},"inLanguage":"en-GB","potentialAction":[{"@type":"ReadAction","target":["https:\/\/website.javelot.ag\/qui-sommes-nous\/historique\/"]}]},{"@type":"BreadcrumbList","@id":"https:\/\/website.javelot.ag\/qui-sommes-nous\/historique\/#breadcrumb","itemListElement":[{"@type":"ListItem","position":1,"name":"Accueil","item":"https:\/\/website.javelot.ag\/"},{"@type":"ListItem","position":2,"name":"Qui sommes nous ?","item":"https:\/\/website.javelot.ag\/qui-sommes-nous\/"},{"@type":"ListItem","position":3,"name":"Historique"}]},{"@type":"WebSite","@id":"https:\/\/website.javelot.ag\/#website","url":"https:\/\/website.javelot.ag\/","name":"Javelot","description":"Une Agritech qui optimise le stockage et la logistique agricole","publisher":{"@id":"https:\/\/website.javelot.ag\/#organization"},"potentialAction":[{"@type":"SearchAction","target":{"@type":"EntryPoint","urlTemplate":"https:\/\/website.javelot.ag\/?s={search_term_string}"},"query-input":{"@type":"PropertyValueSpecification","valueRequired":true,"valueName":"search_term_string"}}],"inLanguage":"en-GB"},{"@type":"Organization","@id":"https:\/\/website.javelot.ag\/#organization","name":"Javelot","url":"https:\/\/website.javelot.ag\/","logo":{"@type":"ImageObject","inLanguage":"en-GB","@id":"https:\/\/website.javelot.ag\/#\/schema\/logo\/image\/","url":"https:\/\/www.javelot-agriculture.com\/wp-content\/uploads\/2023\/07\/Group-85.svg","contentUrl":"https:\/\/www.javelot-agriculture.com\/wp-content\/uploads\/2023\/07\/Group-85.svg","width":173,"height":176,"caption":"Javelot"},"image":{"@id":"https:\/\/website.javelot.ag\/#\/schema\/logo\/image\/"}}]}},"_links":{"self":[{"href":"https:\/\/website.javelot.ag\/en\/wp-json\/wp\/v2\/pages\/146","targetHints":{"allow":["GET"]}}],"collection":[{"href":"https:\/\/website.javelot.ag\/en\/wp-json\/wp\/v2\/pages"}],"about":[{"href":"https:\/\/website.javelot.ag\/en\/wp-json\/wp\/v2\/types\/page"}],"author":[{"embeddable":true,"href":"https:\/\/website.javelot.ag\/en\/wp-json\/wp\/v2\/users\/1"}],"replies":[{"embeddable":true,"href":"https:\/\/website.javelot.ag\/en\/wp-json\/wp\/v2\/comments?post=146"}],"version-history":[{"count":1,"href":"https:\/\/website.javelot.ag\/en\/wp-json\/wp\/v2\/pages\/146\/revisions"}],"predecessor-version":[{"id":149,"href":"https:\/\/website.javelot.ag\/en\/wp-json\/wp\/v2\/pages\/146\/revisions\/149"}],"up":[{"embeddable":true,"href":"https:\/\/website.javelot.ag\/en\/wp-json\/wp\/v2\/pages\/15"}],"wp:attachment":[{"href":"https:\/\/website.javelot.ag\/en\/wp-json\/wp\/v2\/media?parent=146"}],"curies":[{"name":"wp","href":"https:\/\/api.w.org\/{rel}","templated":true}]}}