{"id":173,"date":"2023-06-06T17:38:26","date_gmt":"2023-06-06T15:38:26","guid":{"rendered":"https:\/\/www.javelot-agriculture.com\/?page_id=173"},"modified":"2024-12-10T15:18:33","modified_gmt":"2024-12-10T14:18:33","slug":"offres-demploi","status":"publish","type":"page","link":"https:\/\/website.javelot.ag\/en\/teamwork\/job-opportunities\/","title":{"rendered":"Job opportunities"},"content":{"rendered":"","protected":false},"excerpt":{"rendered":"","protected":false},"author":1,"featured_media":0,"parent":19,"menu_order":15,"comment_status":"closed","ping_status":"closed","template":"","meta":{"_acf_changed":false,"inline_featured_image":false,"footnotes":""},"class_list":["post-173","page","type-page","status-publish","hentry"],"acf":[],"yoast_head":"<!-- This site is optimized with the Yoast SEO plugin v23.9 - https:\/\/yoast.com\/wordpress\/plugins\/seo\/ -->\n<title>Opportunit\u00e9s d&#039;Emploi dans une Entreprise Innovante du Stockage des Grains<\/title>\n<meta name=\"description\" content=\"Retrouvez les derni\u00e8res offres d&#039;emploi Javelot : CDI \/ stage \/ alternance. Rejoignez notre \u00e9quipe et participez vous aussi \u00e0 la r\u00e9volution agricole !\" \/>\n<meta name=\"robots\" content=\"index, follow, max-snippet:-1, max-image-preview:large, max-video-preview:-1\" \/>\n<link rel=\"canonical\" href=\"https:\/\/website.javelot.ag\/en\/teamwork\/job-opportunities\/\" \/>\n<meta property=\"og:locale\" content=\"en_GB\" \/>\n<meta property=\"og:type\" content=\"article\" \/>\n<meta property=\"og:title\" content=\"Opportunit\u00e9s d&#039;Emploi dans une Entreprise Innovante du Stockage des Grains\" \/>\n<meta property=\"og:description\" content=\"Retrouvez les derni\u00e8res offres d&#039;emploi Javelot : CDI \/ stage \/ alternance. Rejoignez notre \u00e9quipe et participez vous aussi \u00e0 la r\u00e9volution agricole !\" \/>\n<meta property=\"og:url\" content=\"https:\/\/website.javelot.ag\/en\/teamwork\/job-opportunities\/\" \/>\n<meta property=\"og:site_name\" content=\"Javelot\" \/>\n<meta property=\"article:modified_time\" content=\"2024-12-10T14:18:33+00:00\" \/>\n<meta name=\"twitter:card\" content=\"summary_large_image\" \/>\n<meta name=\"twitter:label1\" content=\"Est. reading time\" \/>\n\t<meta name=\"twitter:data1\" content=\"2 minutes\" \/>\n<script type=\"application\/ld+json\" class=\"yoast-schema-graph\">{\"@context\":\"https:\/\/schema.org\",\"@graph\":[{\"@type\":\"WebPage\",\"@id\":\"https:\/\/website.javelot.ag\/faire-equipe\/offres-demploi\/\",\"url\":\"https:\/\/website.javelot.ag\/faire-equipe\/offres-demploi\/\",\"name\":\"Opportunit\u00e9s d'Emploi dans une Entreprise Innovante du Stockage des Grains\",\"isPartOf\":{\"@id\":\"https:\/\/website.javelot.ag\/#website\"},\"datePublished\":\"2023-06-06T15:38:26+00:00\",\"dateModified\":\"2024-12-10T14:18:33+00:00\",\"description\":\"Retrouvez les derni\u00e8res offres d'emploi Javelot : CDI \/ stage \/ alternance. Rejoignez notre \u00e9quipe et participez vous aussi \u00e0 la r\u00e9volution agricole !\",\"breadcrumb\":{\"@id\":\"https:\/\/website.javelot.ag\/faire-equipe\/offres-demploi\/#breadcrumb\"},\"inLanguage\":\"en-GB\",\"potentialAction\":[{\"@type\":\"ReadAction\",\"target\":[\"https:\/\/website.javelot.ag\/faire-equipe\/offres-demploi\/\"]}]},{\"@type\":\"BreadcrumbList\",\"@id\":\"https:\/\/website.javelot.ag\/faire-equipe\/offres-demploi\/#breadcrumb\",\"itemListElement\":[{\"@type\":\"ListItem\",\"position\":1,\"name\":\"Accueil\",\"item\":\"https:\/\/website.javelot.ag\/\"},{\"@type\":\"ListItem\",\"position\":2,\"name\":\"Faire \u00e9quipe\",\"item\":\"https:\/\/website.javelot.ag\/en\/teamwork\/\"},{\"@type\":\"ListItem\",\"position\":3,\"name\":\"Offres d'emploi\"}]},{\"@type\":\"WebSite\",\"@id\":\"https:\/\/website.javelot.ag\/#website\",\"url\":\"https:\/\/website.javelot.ag\/\",\"name\":\"Javelot\",\"description\":\"Une Agritech qui optimise le stockage et la logistique agricole\",\"publisher\":{\"@id\":\"https:\/\/website.javelot.ag\/#organization\"},\"potentialAction\":[{\"@type\":\"SearchAction\",\"target\":{\"@type\":\"EntryPoint\",\"urlTemplate\":\"https:\/\/website.javelot.ag\/?s={search_term_string}\"},\"query-input\":{\"@type\":\"PropertyValueSpecification\",\"valueRequired\":true,\"valueName\":\"search_term_string\"}}],\"inLanguage\":\"en-GB\"},{\"@type\":\"Organization\",\"@id\":\"https:\/\/website.javelot.ag\/#organization\",\"name\":\"Javelot\",\"url\":\"https:\/\/website.javelot.ag\/\",\"logo\":{\"@type\":\"ImageObject\",\"inLanguage\":\"en-GB\",\"@id\":\"https:\/\/website.javelot.ag\/#\/schema\/logo\/image\/\",\"url\":\"https:\/\/www.javelot-agriculture.com\/wp-content\/uploads\/2023\/07\/Group-85.svg\",\"contentUrl\":\"https:\/\/www.javelot-agriculture.com\/wp-content\/uploads\/2023\/07\/Group-85.svg\",\"width\":173,\"height\":176,\"caption\":\"Javelot\"},\"image\":{\"@id\":\"https:\/\/website.javelot.ag\/#\/schema\/logo\/image\/\"}}]}<\/script>\n<!-- \/ Yoast SEO plugin. -->","yoast_head_json":{"title":"Opportunit\u00e9s d'Emploi dans une Entreprise Innovante du Stockage des Grains","description":"Retrouvez les derni\u00e8res offres d'emploi Javelot : CDI \/ stage \/ alternance. Rejoignez notre \u00e9quipe et participez vous aussi \u00e0 la r\u00e9volution agricole !","robots":{"index":"index","follow":"follow","max-snippet":"max-snippet:-1","max-image-preview":"max-image-preview:large","max-video-preview":"max-video-preview:-1"},"canonical":"https:\/\/website.javelot.ag\/en\/teamwork\/job-opportunities\/","og_locale":"en_GB","og_type":"article","og_title":"Opportunit\u00e9s d'Emploi dans une Entreprise Innovante du Stockage des Grains","og_description":"Retrouvez les derni\u00e8res offres d'emploi Javelot : CDI \/ stage \/ alternance. Rejoignez notre \u00e9quipe et participez vous aussi \u00e0 la r\u00e9volution agricole !","og_url":"https:\/\/website.javelot.ag\/en\/teamwork\/job-opportunities\/","og_site_name":"Javelot","article_modified_time":"2024-12-10T14:18:33+00:00","twitter_card":"summary_large_image","twitter_misc":{"Est. reading time":"2 minutes"},"schema":{"@context":"https:\/\/schema.org","@graph":[{"@type":"WebPage","@id":"https:\/\/website.javelot.ag\/faire-equipe\/offres-demploi\/","url":"https:\/\/website.javelot.ag\/faire-equipe\/offres-demploi\/","name":"Opportunit\u00e9s d'Emploi dans une Entreprise Innovante du Stockage des Grains","isPartOf":{"@id":"https:\/\/website.javelot.ag\/#website"},"datePublished":"2023-06-06T15:38:26+00:00","dateModified":"2024-12-10T14:18:33+00:00","description":"Retrouvez les derni\u00e8res offres d'emploi Javelot : CDI \/ stage \/ alternance. Rejoignez notre \u00e9quipe et participez vous aussi \u00e0 la r\u00e9volution agricole !","breadcrumb":{"@id":"https:\/\/website.javelot.ag\/faire-equipe\/offres-demploi\/#breadcrumb"},"inLanguage":"en-GB","potentialAction":[{"@type":"ReadAction","target":["https:\/\/website.javelot.ag\/faire-equipe\/offres-demploi\/"]}]},{"@type":"BreadcrumbList","@id":"https:\/\/website.javelot.ag\/faire-equipe\/offres-demploi\/#breadcrumb","itemListElement":[{"@type":"ListItem","position":1,"name":"Accueil","item":"https:\/\/website.javelot.ag\/"},{"@type":"ListItem","position":2,"name":"Faire \u00e9quipe","item":"https:\/\/website.javelot.ag\/en\/teamwork\/"},{"@type":"ListItem","position":3,"name":"Offres d'emploi"}]},{"@type":"WebSite","@id":"https:\/\/website.javelot.ag\/#website","url":"https:\/\/website.javelot.ag\/","name":"Javelot","description":"Une Agritech qui optimise le stockage et la logistique agricole","publisher":{"@id":"https:\/\/website.javelot.ag\/#organization"},"potentialAction":[{"@type":"SearchAction","target":{"@type":"EntryPoint","urlTemplate":"https:\/\/website.javelot.ag\/?s={search_term_string}"},"query-input":{"@type":"PropertyValueSpecification","valueRequired":true,"valueName":"search_term_string"}}],"inLanguage":"en-GB"},{"@type":"Organization","@id":"https:\/\/website.javelot.ag\/#organization","name":"Javelot","url":"https:\/\/website.javelot.ag\/","logo":{"@type":"ImageObject","inLanguage":"en-GB","@id":"https:\/\/website.javelot.ag\/#\/schema\/logo\/image\/","url":"https:\/\/www.javelot-agriculture.com\/wp-content\/uploads\/2023\/07\/Group-85.svg","contentUrl":"https:\/\/www.javelot-agriculture.com\/wp-content\/uploads\/2023\/07\/Group-85.svg","width":173,"height":176,"caption":"Javelot"},"image":{"@id":"https:\/\/website.javelot.ag\/#\/schema\/logo\/image\/"}}]}},"_links":{"self":[{"href":"https:\/\/website.javelot.ag\/en\/wp-json\/wp\/v2\/pages\/173","targetHints":{"allow":["GET"]}}],"collection":[{"href":"https:\/\/website.javelot.ag\/en\/wp-json\/wp\/v2\/pages"}],"about":[{"href":"https:\/\/website.javelot.ag\/en\/wp-json\/wp\/v2\/types\/page"}],"author":[{"embeddable":true,"href":"https:\/\/website.javelot.ag\/en\/wp-json\/wp\/v2\/users\/1"}],"replies":[{"embeddable":true,"href":"https:\/\/website.javelot.ag\/en\/wp-json\/wp\/v2\/comments?post=173"}],"version-history":[{"count":1,"href":"https:\/\/website.javelot.ag\/en\/wp-json\/wp\/v2\/pages\/173\/revisions"}],"predecessor-version":[{"id":174,"href":"https:\/\/website.javelot.ag\/en\/wp-json\/wp\/v2\/pages\/173\/revisions\/174"}],"up":[{"embeddable":true,"href":"https:\/\/website.javelot.ag\/en\/wp-json\/wp\/v2\/pages\/19"}],"wp:attachment":[{"href":"https:\/\/website.javelot.ag\/en\/wp-json\/wp\/v2\/media?parent=173"}],"curies":[{"name":"wp","href":"https:\/\/api.w.org\/{rel}","templated":true}]}}