{"id":19,"date":"2023-05-09T12:03:03","date_gmt":"2023-05-09T10:03:03","guid":{"rendered":"https:\/\/www.javelot-agriculture.com\/?page_id=19"},"modified":"2025-03-24T11:22:32","modified_gmt":"2025-03-24T10:22:32","slug":"faire-equipe","status":"publish","type":"page","link":"https:\/\/website.javelot.ag\/en\/teamwork\/","title":{"rendered":"Teamwork"},"content":{"rendered":"","protected":false},"excerpt":{"rendered":"","protected":false},"author":1,"featured_media":0,"parent":0,"menu_order":0,"comment_status":"closed","ping_status":"closed","template":"","meta":{"_acf_changed":false,"inline_featured_image":false,"footnotes":""},"class_list":["post-19","page","type-page","status-publish","hentry"],"acf":[],"yoast_head":"<!-- This site is optimized with the Yoast SEO plugin v23.9 - https:\/\/yoast.com\/wordpress\/plugins\/seo\/ -->\n<title>Faire \u00e9quipe - Javelot<\/title>\n<meta name=\"description\" content=\"Envie de donner du sens \u00e0 votre travail ? Rejoignez Javelot et contribuez \u00e0 la transition agricole gr\u00e2ce \u00e0 la data et aux technologies connect\u00e9es.\" \/>\n<meta name=\"robots\" content=\"index, follow, max-snippet:-1, max-image-preview:large, max-video-preview:-1\" \/>\n<link rel=\"canonical\" href=\"https:\/\/website.javelot.ag\/en\/teamwork\/\" \/>\n<meta property=\"og:locale\" content=\"en_GB\" \/>\n<meta property=\"og:type\" content=\"article\" \/>\n<meta property=\"og:title\" content=\"Faire \u00e9quipe - Javelot\" \/>\n<meta property=\"og:description\" content=\"Envie de donner du sens \u00e0 votre travail ? Rejoignez Javelot et contribuez \u00e0 la transition agricole gr\u00e2ce \u00e0 la data et aux technologies connect\u00e9es.\" \/>\n<meta property=\"og:url\" content=\"https:\/\/website.javelot.ag\/en\/teamwork\/\" \/>\n<meta property=\"og:site_name\" content=\"Javelot\" \/>\n<meta property=\"article:modified_time\" content=\"2025-03-24T10:22:32+00:00\" \/>\n<meta name=\"twitter:card\" content=\"summary_large_image\" \/>\n<script type=\"application\/ld+json\" class=\"yoast-schema-graph\">{\"@context\":\"https:\/\/schema.org\",\"@graph\":[{\"@type\":\"WebPage\",\"@id\":\"https:\/\/website.javelot.ag\/en\/teamwork\/\",\"url\":\"https:\/\/website.javelot.ag\/en\/teamwork\/\",\"name\":\"Faire \u00e9quipe - Javelot\",\"isPartOf\":{\"@id\":\"https:\/\/website.javelot.ag\/#website\"},\"datePublished\":\"2023-05-09T10:03:03+00:00\",\"dateModified\":\"2025-03-24T10:22:32+00:00\",\"description\":\"Envie de donner du sens \u00e0 votre travail ? Rejoignez Javelot et contribuez \u00e0 la transition agricole gr\u00e2ce \u00e0 la data et aux technologies connect\u00e9es.\",\"breadcrumb\":{\"@id\":\"https:\/\/website.javelot.ag\/en\/teamwork\/#breadcrumb\"},\"inLanguage\":\"en-GB\",\"potentialAction\":[{\"@type\":\"ReadAction\",\"target\":[\"https:\/\/website.javelot.ag\/en\/teamwork\/\"]}]},{\"@type\":\"BreadcrumbList\",\"@id\":\"https:\/\/website.javelot.ag\/en\/teamwork\/#breadcrumb\",\"itemListElement\":[{\"@type\":\"ListItem\",\"position\":1,\"name\":\"Accueil\",\"item\":\"https:\/\/website.javelot.ag\/\"},{\"@type\":\"ListItem\",\"position\":2,\"name\":\"Faire \u00e9quipe\"}]},{\"@type\":\"WebSite\",\"@id\":\"https:\/\/website.javelot.ag\/#website\",\"url\":\"https:\/\/website.javelot.ag\/\",\"name\":\"Javelot\",\"description\":\"Une Agritech qui optimise le stockage et la logistique agricole\",\"publisher\":{\"@id\":\"https:\/\/website.javelot.ag\/#organization\"},\"potentialAction\":[{\"@type\":\"SearchAction\",\"target\":{\"@type\":\"EntryPoint\",\"urlTemplate\":\"https:\/\/website.javelot.ag\/?s={search_term_string}\"},\"query-input\":{\"@type\":\"PropertyValueSpecification\",\"valueRequired\":true,\"valueName\":\"search_term_string\"}}],\"inLanguage\":\"en-GB\"},{\"@type\":\"Organization\",\"@id\":\"https:\/\/website.javelot.ag\/#organization\",\"name\":\"Javelot\",\"url\":\"https:\/\/website.javelot.ag\/\",\"logo\":{\"@type\":\"ImageObject\",\"inLanguage\":\"en-GB\",\"@id\":\"https:\/\/website.javelot.ag\/#\/schema\/logo\/image\/\",\"url\":\"https:\/\/www.javelot-agriculture.com\/wp-content\/uploads\/2023\/07\/Group-85.svg\",\"contentUrl\":\"https:\/\/www.javelot-agriculture.com\/wp-content\/uploads\/2023\/07\/Group-85.svg\",\"width\":173,\"height\":176,\"caption\":\"Javelot\"},\"image\":{\"@id\":\"https:\/\/website.javelot.ag\/#\/schema\/logo\/image\/\"}}]}<\/script>\n<!-- \/ Yoast SEO plugin. -->","yoast_head_json":{"title":"Faire \u00e9quipe - Javelot","description":"Envie de donner du sens \u00e0 votre travail ? Rejoignez Javelot et contribuez \u00e0 la transition agricole gr\u00e2ce \u00e0 la data et aux technologies connect\u00e9es.","robots":{"index":"index","follow":"follow","max-snippet":"max-snippet:-1","max-image-preview":"max-image-preview:large","max-video-preview":"max-video-preview:-1"},"canonical":"https:\/\/website.javelot.ag\/en\/teamwork\/","og_locale":"en_GB","og_type":"article","og_title":"Faire \u00e9quipe - Javelot","og_description":"Envie de donner du sens \u00e0 votre travail ? Rejoignez Javelot et contribuez \u00e0 la transition agricole gr\u00e2ce \u00e0 la data et aux technologies connect\u00e9es.","og_url":"https:\/\/website.javelot.ag\/en\/teamwork\/","og_site_name":"Javelot","article_modified_time":"2025-03-24T10:22:32+00:00","twitter_card":"summary_large_image","schema":{"@context":"https:\/\/schema.org","@graph":[{"@type":"WebPage","@id":"https:\/\/website.javelot.ag\/en\/teamwork\/","url":"https:\/\/website.javelot.ag\/en\/teamwork\/","name":"Faire \u00e9quipe - Javelot","isPartOf":{"@id":"https:\/\/website.javelot.ag\/#website"},"datePublished":"2023-05-09T10:03:03+00:00","dateModified":"2025-03-24T10:22:32+00:00","description":"Envie de donner du sens \u00e0 votre travail ? Rejoignez Javelot et contribuez \u00e0 la transition agricole gr\u00e2ce \u00e0 la data et aux technologies connect\u00e9es.","breadcrumb":{"@id":"https:\/\/website.javelot.ag\/en\/teamwork\/#breadcrumb"},"inLanguage":"en-GB","potentialAction":[{"@type":"ReadAction","target":["https:\/\/website.javelot.ag\/en\/teamwork\/"]}]},{"@type":"BreadcrumbList","@id":"https:\/\/website.javelot.ag\/en\/teamwork\/#breadcrumb","itemListElement":[{"@type":"ListItem","position":1,"name":"Accueil","item":"https:\/\/website.javelot.ag\/"},{"@type":"ListItem","position":2,"name":"Faire \u00e9quipe"}]},{"@type":"WebSite","@id":"https:\/\/website.javelot.ag\/#website","url":"https:\/\/website.javelot.ag\/","name":"Javelot","description":"Une Agritech qui optimise le stockage et la logistique agricole","publisher":{"@id":"https:\/\/website.javelot.ag\/#organization"},"potentialAction":[{"@type":"SearchAction","target":{"@type":"EntryPoint","urlTemplate":"https:\/\/website.javelot.ag\/?s={search_term_string}"},"query-input":{"@type":"PropertyValueSpecification","valueRequired":true,"valueName":"search_term_string"}}],"inLanguage":"en-GB"},{"@type":"Organization","@id":"https:\/\/website.javelot.ag\/#organization","name":"Javelot","url":"https:\/\/website.javelot.ag\/","logo":{"@type":"ImageObject","inLanguage":"en-GB","@id":"https:\/\/website.javelot.ag\/#\/schema\/logo\/image\/","url":"https:\/\/www.javelot-agriculture.com\/wp-content\/uploads\/2023\/07\/Group-85.svg","contentUrl":"https:\/\/www.javelot-agriculture.com\/wp-content\/uploads\/2023\/07\/Group-85.svg","width":173,"height":176,"caption":"Javelot"},"image":{"@id":"https:\/\/website.javelot.ag\/#\/schema\/logo\/image\/"}}]}},"_links":{"self":[{"href":"https:\/\/website.javelot.ag\/en\/wp-json\/wp\/v2\/pages\/19","targetHints":{"allow":["GET"]}}],"collection":[{"href":"https:\/\/website.javelot.ag\/en\/wp-json\/wp\/v2\/pages"}],"about":[{"href":"https:\/\/website.javelot.ag\/en\/wp-json\/wp\/v2\/types\/page"}],"author":[{"embeddable":true,"href":"https:\/\/website.javelot.ag\/en\/wp-json\/wp\/v2\/users\/1"}],"replies":[{"embeddable":true,"href":"https:\/\/website.javelot.ag\/en\/wp-json\/wp\/v2\/comments?post=19"}],"version-history":[{"count":1,"href":"https:\/\/website.javelot.ag\/en\/wp-json\/wp\/v2\/pages\/19\/revisions"}],"predecessor-version":[{"id":20,"href":"https:\/\/website.javelot.ag\/en\/wp-json\/wp\/v2\/pages\/19\/revisions\/20"}],"wp:attachment":[{"href":"https:\/\/website.javelot.ag\/en\/wp-json\/wp\/v2\/media?parent=19"}],"curies":[{"name":"wp","href":"https:\/\/api.w.org\/{rel}","templated":true}]}}