{"id":26,"date":"2023-05-09T12:18:23","date_gmt":"2023-05-09T10:18:23","guid":{"rendered":"https:\/\/www.javelot-agriculture.com\/?page_id=26"},"modified":"2024-12-10T12:10:49","modified_gmt":"2024-12-10T11:10:49","slug":"agriculteurs-store-save","status":"publish","type":"page","link":"https:\/\/website.javelot.ag\/en\/solutions\/farmers-store-save\/","title":{"rendered":"Farmers &gt; Store&amp;Save"},"content":{"rendered":"","protected":false},"excerpt":{"rendered":"","protected":false},"author":1,"featured_media":0,"parent":11,"menu_order":2,"comment_status":"closed","ping_status":"closed","template":"","meta":{"_acf_changed":false,"inline_featured_image":false,"footnotes":""},"class_list":["post-26","page","type-page","status-publish","hentry"],"acf":[],"yoast_head":"<!-- This site is optimized with the Yoast SEO plugin v23.9 - https:\/\/yoast.com\/wordpress\/plugins\/seo\/ -->\n<title>Surveillez et Optimisez vos Stockages de C\u00e9r\u00e9ales | Javelot<\/title>\n<meta name=\"description\" content=\"Store&amp;Save est la solution compl\u00e8te pour surveiller les temp\u00e9ratures, piloter la ventilation et garantir la tra\u00e7abilit\u00e9 de vos grains stock\u00e9s \u00e0 la ferme. Pr\u00e9servez la valeur de vos r\u00e9coltes avec Javelot.\" \/>\n<meta name=\"robots\" content=\"index, follow, max-snippet:-1, max-image-preview:large, max-video-preview:-1\" \/>\n<link rel=\"canonical\" href=\"https:\/\/website.javelot.ag\/en\/solutions\/farmers-store-save\/\" \/>\n<meta property=\"og:locale\" content=\"en_GB\" \/>\n<meta property=\"og:type\" content=\"article\" \/>\n<meta property=\"og:title\" content=\"Surveillez et Optimisez vos Stockages de C\u00e9r\u00e9ales | Javelot\" \/>\n<meta property=\"og:description\" content=\"Store&amp;Save est la solution compl\u00e8te pour surveiller les temp\u00e9ratures, piloter la ventilation et garantir la tra\u00e7abilit\u00e9 de vos grains stock\u00e9s \u00e0 la ferme. Pr\u00e9servez la valeur de vos r\u00e9coltes avec Javelot.\" \/>\n<meta property=\"og:url\" content=\"https:\/\/website.javelot.ag\/en\/solutions\/farmers-store-save\/\" \/>\n<meta property=\"og:site_name\" content=\"Javelot\" \/>\n<meta property=\"article:modified_time\" content=\"2024-12-10T11:10:49+00:00\" \/>\n<meta name=\"twitter:card\" content=\"summary_large_image\" \/>\n<meta name=\"twitter:label1\" content=\"Est. reading time\" \/>\n\t<meta name=\"twitter:data1\" content=\"11 minutes\" \/>\n<script type=\"application\/ld+json\" class=\"yoast-schema-graph\">{\"@context\":\"https:\/\/schema.org\",\"@graph\":[{\"@type\":\"WebPage\",\"@id\":\"https:\/\/website.javelot.ag\/en\/solutions\/farmers-store-save\/\",\"url\":\"https:\/\/website.javelot.ag\/en\/solutions\/farmers-store-save\/\",\"name\":\"Surveillez et Optimisez vos Stockages de C\u00e9r\u00e9ales | Javelot\",\"isPartOf\":{\"@id\":\"https:\/\/website.javelot.ag\/#website\"},\"datePublished\":\"2023-05-09T10:18:23+00:00\",\"dateModified\":\"2024-12-10T11:10:49+00:00\",\"description\":\"Store&Save est la solution compl\u00e8te pour surveiller les temp\u00e9ratures, piloter la ventilation et garantir la tra\u00e7abilit\u00e9 de vos grains stock\u00e9s \u00e0 la ferme. Pr\u00e9servez la valeur de vos r\u00e9coltes avec Javelot.\",\"breadcrumb\":{\"@id\":\"https:\/\/website.javelot.ag\/en\/solutions\/farmers-store-save\/#breadcrumb\"},\"inLanguage\":\"en-GB\",\"potentialAction\":[{\"@type\":\"ReadAction\",\"target\":[\"https:\/\/website.javelot.ag\/en\/solutions\/farmers-store-save\/\"]}]},{\"@type\":\"BreadcrumbList\",\"@id\":\"https:\/\/website.javelot.ag\/en\/solutions\/farmers-store-save\/#breadcrumb\",\"itemListElement\":[{\"@type\":\"ListItem\",\"position\":1,\"name\":\"Accueil\",\"item\":\"https:\/\/website.javelot.ag\/\"},{\"@type\":\"ListItem\",\"position\":2,\"name\":\"Solutions\",\"item\":\"https:\/\/website.javelot.ag\/en\/solutions\/\"},{\"@type\":\"ListItem\",\"position\":3,\"name\":\"Agriculteurs - Store&#038;save\"}]},{\"@type\":\"WebSite\",\"@id\":\"https:\/\/website.javelot.ag\/#website\",\"url\":\"https:\/\/website.javelot.ag\/\",\"name\":\"Javelot\",\"description\":\"Une Agritech qui optimise le stockage et la logistique agricole\",\"publisher\":{\"@id\":\"https:\/\/website.javelot.ag\/#organization\"},\"potentialAction\":[{\"@type\":\"SearchAction\",\"target\":{\"@type\":\"EntryPoint\",\"urlTemplate\":\"https:\/\/website.javelot.ag\/?s={search_term_string}\"},\"query-input\":{\"@type\":\"PropertyValueSpecification\",\"valueRequired\":true,\"valueName\":\"search_term_string\"}}],\"inLanguage\":\"en-GB\"},{\"@type\":\"Organization\",\"@id\":\"https:\/\/website.javelot.ag\/#organization\",\"name\":\"Javelot\",\"url\":\"https:\/\/website.javelot.ag\/\",\"logo\":{\"@type\":\"ImageObject\",\"inLanguage\":\"en-GB\",\"@id\":\"https:\/\/website.javelot.ag\/#\/schema\/logo\/image\/\",\"url\":\"https:\/\/www.javelot-agriculture.com\/wp-content\/uploads\/2023\/07\/Group-85.svg\",\"contentUrl\":\"https:\/\/www.javelot-agriculture.com\/wp-content\/uploads\/2023\/07\/Group-85.svg\",\"width\":173,\"height\":176,\"caption\":\"Javelot\"},\"image\":{\"@id\":\"https:\/\/website.javelot.ag\/#\/schema\/logo\/image\/\"}}]}<\/script>\n<!-- \/ Yoast SEO plugin. -->","yoast_head_json":{"title":"Surveillez et Optimisez vos Stockages de C\u00e9r\u00e9ales | Javelot","description":"Store&Save est la solution compl\u00e8te pour surveiller les temp\u00e9ratures, piloter la ventilation et garantir la tra\u00e7abilit\u00e9 de vos grains stock\u00e9s \u00e0 la ferme. Pr\u00e9servez la valeur de vos r\u00e9coltes avec Javelot.","robots":{"index":"index","follow":"follow","max-snippet":"max-snippet:-1","max-image-preview":"max-image-preview:large","max-video-preview":"max-video-preview:-1"},"canonical":"https:\/\/website.javelot.ag\/en\/solutions\/farmers-store-save\/","og_locale":"en_GB","og_type":"article","og_title":"Surveillez et Optimisez vos Stockages de C\u00e9r\u00e9ales | Javelot","og_description":"Store&Save est la solution compl\u00e8te pour surveiller les temp\u00e9ratures, piloter la ventilation et garantir la tra\u00e7abilit\u00e9 de vos grains stock\u00e9s \u00e0 la ferme. Pr\u00e9servez la valeur de vos r\u00e9coltes avec Javelot.","og_url":"https:\/\/website.javelot.ag\/en\/solutions\/farmers-store-save\/","og_site_name":"Javelot","article_modified_time":"2024-12-10T11:10:49+00:00","twitter_card":"summary_large_image","twitter_misc":{"Est. reading time":"11 minutes"},"schema":{"@context":"https:\/\/schema.org","@graph":[{"@type":"WebPage","@id":"https:\/\/website.javelot.ag\/en\/solutions\/farmers-store-save\/","url":"https:\/\/website.javelot.ag\/en\/solutions\/farmers-store-save\/","name":"Surveillez et Optimisez vos Stockages de C\u00e9r\u00e9ales | Javelot","isPartOf":{"@id":"https:\/\/website.javelot.ag\/#website"},"datePublished":"2023-05-09T10:18:23+00:00","dateModified":"2024-12-10T11:10:49+00:00","description":"Store&Save est la solution compl\u00e8te pour surveiller les temp\u00e9ratures, piloter la ventilation et garantir la tra\u00e7abilit\u00e9 de vos grains stock\u00e9s \u00e0 la ferme. Pr\u00e9servez la valeur de vos r\u00e9coltes avec Javelot.","breadcrumb":{"@id":"https:\/\/website.javelot.ag\/en\/solutions\/farmers-store-save\/#breadcrumb"},"inLanguage":"en-GB","potentialAction":[{"@type":"ReadAction","target":["https:\/\/website.javelot.ag\/en\/solutions\/farmers-store-save\/"]}]},{"@type":"BreadcrumbList","@id":"https:\/\/website.javelot.ag\/en\/solutions\/farmers-store-save\/#breadcrumb","itemListElement":[{"@type":"ListItem","position":1,"name":"Accueil","item":"https:\/\/website.javelot.ag\/"},{"@type":"ListItem","position":2,"name":"Solutions","item":"https:\/\/website.javelot.ag\/en\/solutions\/"},{"@type":"ListItem","position":3,"name":"Agriculteurs - Store&#038;save"}]},{"@type":"WebSite","@id":"https:\/\/website.javelot.ag\/#website","url":"https:\/\/website.javelot.ag\/","name":"Javelot","description":"Une Agritech qui optimise le stockage et la logistique agricole","publisher":{"@id":"https:\/\/website.javelot.ag\/#organization"},"potentialAction":[{"@type":"SearchAction","target":{"@type":"EntryPoint","urlTemplate":"https:\/\/website.javelot.ag\/?s={search_term_string}"},"query-input":{"@type":"PropertyValueSpecification","valueRequired":true,"valueName":"search_term_string"}}],"inLanguage":"en-GB"},{"@type":"Organization","@id":"https:\/\/website.javelot.ag\/#organization","name":"Javelot","url":"https:\/\/website.javelot.ag\/","logo":{"@type":"ImageObject","inLanguage":"en-GB","@id":"https:\/\/website.javelot.ag\/#\/schema\/logo\/image\/","url":"https:\/\/www.javelot-agriculture.com\/wp-content\/uploads\/2023\/07\/Group-85.svg","contentUrl":"https:\/\/www.javelot-agriculture.com\/wp-content\/uploads\/2023\/07\/Group-85.svg","width":173,"height":176,"caption":"Javelot"},"image":{"@id":"https:\/\/website.javelot.ag\/#\/schema\/logo\/image\/"}}]}},"_links":{"self":[{"href":"https:\/\/website.javelot.ag\/en\/wp-json\/wp\/v2\/pages\/26","targetHints":{"allow":["GET"]}}],"collection":[{"href":"https:\/\/website.javelot.ag\/en\/wp-json\/wp\/v2\/pages"}],"about":[{"href":"https:\/\/website.javelot.ag\/en\/wp-json\/wp\/v2\/types\/page"}],"author":[{"embeddable":true,"href":"https:\/\/website.javelot.ag\/en\/wp-json\/wp\/v2\/users\/1"}],"replies":[{"embeddable":true,"href":"https:\/\/website.javelot.ag\/en\/wp-json\/wp\/v2\/comments?post=26"}],"version-history":[{"count":2,"href":"https:\/\/website.javelot.ag\/en\/wp-json\/wp\/v2\/pages\/26\/revisions"}],"predecessor-version":[{"id":1299,"href":"https:\/\/website.javelot.ag\/en\/wp-json\/wp\/v2\/pages\/26\/revisions\/1299"}],"up":[{"embeddable":true,"href":"https:\/\/website.javelot.ag\/en\/wp-json\/wp\/v2\/pages\/11"}],"wp:attachment":[{"href":"https:\/\/website.javelot.ag\/en\/wp-json\/wp\/v2\/media?parent=26"}],"curies":[{"name":"wp","href":"https:\/\/api.w.org\/{rel}","templated":true}]}}