{"id":32,"date":"2023-05-09T12:19:44","date_gmt":"2023-05-09T10:19:44","guid":{"rendered":"https:\/\/www.javelot-agriculture.com\/?page_id=32"},"modified":"2024-12-10T12:12:04","modified_gmt":"2024-12-10T11:12:04","slug":"lapres-recolte-plus-simple","status":"publish","type":"page","link":"https:\/\/website.javelot.ag\/en\/benefits\/simpler-post-harvest\/","title":{"rendered":"Simpler post-harvest"},"content":{"rendered":"","protected":false},"excerpt":{"rendered":"","protected":false},"author":1,"featured_media":0,"parent":587,"menu_order":1,"comment_status":"closed","ping_status":"closed","template":"","meta":{"_acf_changed":false,"inline_featured_image":false,"footnotes":""},"class_list":["post-32","page","type-page","status-publish","hentry"],"acf":[],"yoast_head":"<!-- This site is optimized with the Yoast SEO plugin v23.9 - https:\/\/yoast.com\/wordpress\/plugins\/seo\/ -->\n<title>L&#039;apr\u00e8s-r\u00e9colte plus simple gr\u00e2ce \u00e0 nos OAD | Javelot<\/title>\n<meta name=\"description\" content=\"Simplifiez et s\u00e9curisez vos op\u00e9rations apr\u00e8s-r\u00e9colte gr\u00e2ce aux OAD de Javelot. Gagnez du temps et de la s\u00e9r\u00e9nit\u00e9 avec une gestion centralis\u00e9e et automatis\u00e9e des donn\u00e9es\" \/>\n<meta name=\"robots\" content=\"index, follow, max-snippet:-1, max-image-preview:large, max-video-preview:-1\" \/>\n<link rel=\"canonical\" href=\"https:\/\/website.javelot.ag\/en\/benefits\/simpler-post-harvest\/\" \/>\n<meta property=\"og:locale\" content=\"en_GB\" \/>\n<meta property=\"og:type\" content=\"article\" \/>\n<meta property=\"og:title\" content=\"L&#039;apr\u00e8s-r\u00e9colte plus simple gr\u00e2ce \u00e0 nos OAD | Javelot\" \/>\n<meta property=\"og:description\" content=\"Simplifiez et s\u00e9curisez vos op\u00e9rations apr\u00e8s-r\u00e9colte gr\u00e2ce aux OAD de Javelot. Gagnez du temps et de la s\u00e9r\u00e9nit\u00e9 avec une gestion centralis\u00e9e et automatis\u00e9e des donn\u00e9es\" \/>\n<meta property=\"og:url\" content=\"https:\/\/website.javelot.ag\/en\/benefits\/simpler-post-harvest\/\" \/>\n<meta property=\"og:site_name\" content=\"Javelot\" \/>\n<meta property=\"article:modified_time\" content=\"2024-12-10T11:12:04+00:00\" \/>\n<meta name=\"twitter:card\" content=\"summary_large_image\" \/>\n<meta name=\"twitter:label1\" content=\"Est. reading time\" \/>\n\t<meta name=\"twitter:data1\" content=\"6 minutes\" \/>\n<script type=\"application\/ld+json\" class=\"yoast-schema-graph\">{\"@context\":\"https:\/\/schema.org\",\"@graph\":[{\"@type\":\"WebPage\",\"@id\":\"https:\/\/website.javelot.ag\/de\/vorteile\/einfachere-nacherntephase\/\",\"url\":\"https:\/\/website.javelot.ag\/de\/vorteile\/einfachere-nacherntephase\/\",\"name\":\"L'apr\u00e8s-r\u00e9colte plus simple gr\u00e2ce \u00e0 nos OAD | Javelot\",\"isPartOf\":{\"@id\":\"https:\/\/website.javelot.ag\/#website\"},\"datePublished\":\"2023-05-09T10:19:44+00:00\",\"dateModified\":\"2024-12-10T11:12:04+00:00\",\"description\":\"Simplifiez et s\u00e9curisez vos op\u00e9rations apr\u00e8s-r\u00e9colte gr\u00e2ce aux OAD de Javelot. Gagnez du temps et de la s\u00e9r\u00e9nit\u00e9 avec une gestion centralis\u00e9e et automatis\u00e9e des donn\u00e9es\",\"breadcrumb\":{\"@id\":\"https:\/\/website.javelot.ag\/de\/vorteile\/einfachere-nacherntephase\/#breadcrumb\"},\"inLanguage\":\"en-GB\",\"potentialAction\":[{\"@type\":\"ReadAction\",\"target\":[\"https:\/\/website.javelot.ag\/de\/vorteile\/einfachere-nacherntephase\/\"]}]},{\"@type\":\"BreadcrumbList\",\"@id\":\"https:\/\/website.javelot.ag\/de\/vorteile\/einfachere-nacherntephase\/#breadcrumb\",\"itemListElement\":[{\"@type\":\"ListItem\",\"position\":1,\"name\":\"Accueil\",\"item\":\"https:\/\/website.javelot.ag\/\"},{\"@type\":\"ListItem\",\"position\":2,\"name\":\"B\u00e9n\u00e9fices\",\"item\":\"https:\/\/website.javelot.ag\/benefices\/\"},{\"@type\":\"ListItem\",\"position\":3,\"name\":\"L'apr\u00e8s-r\u00e9colte plus simple\"}]},{\"@type\":\"WebSite\",\"@id\":\"https:\/\/website.javelot.ag\/#website\",\"url\":\"https:\/\/website.javelot.ag\/\",\"name\":\"Javelot\",\"description\":\"Une Agritech qui optimise le stockage et la logistique agricole\",\"publisher\":{\"@id\":\"https:\/\/website.javelot.ag\/#organization\"},\"potentialAction\":[{\"@type\":\"SearchAction\",\"target\":{\"@type\":\"EntryPoint\",\"urlTemplate\":\"https:\/\/website.javelot.ag\/?s={search_term_string}\"},\"query-input\":{\"@type\":\"PropertyValueSpecification\",\"valueRequired\":true,\"valueName\":\"search_term_string\"}}],\"inLanguage\":\"en-GB\"},{\"@type\":\"Organization\",\"@id\":\"https:\/\/website.javelot.ag\/#organization\",\"name\":\"Javelot\",\"url\":\"https:\/\/website.javelot.ag\/\",\"logo\":{\"@type\":\"ImageObject\",\"inLanguage\":\"en-GB\",\"@id\":\"https:\/\/website.javelot.ag\/#\/schema\/logo\/image\/\",\"url\":\"https:\/\/www.javelot-agriculture.com\/wp-content\/uploads\/2023\/07\/Group-85.svg\",\"contentUrl\":\"https:\/\/www.javelot-agriculture.com\/wp-content\/uploads\/2023\/07\/Group-85.svg\",\"width\":173,\"height\":176,\"caption\":\"Javelot\"},\"image\":{\"@id\":\"https:\/\/website.javelot.ag\/#\/schema\/logo\/image\/\"}}]}<\/script>\n<!-- \/ Yoast SEO plugin. -->","yoast_head_json":{"title":"L'apr\u00e8s-r\u00e9colte plus simple gr\u00e2ce \u00e0 nos OAD | Javelot","description":"Simplifiez et s\u00e9curisez vos op\u00e9rations apr\u00e8s-r\u00e9colte gr\u00e2ce aux OAD de Javelot. Gagnez du temps et de la s\u00e9r\u00e9nit\u00e9 avec une gestion centralis\u00e9e et automatis\u00e9e des donn\u00e9es","robots":{"index":"index","follow":"follow","max-snippet":"max-snippet:-1","max-image-preview":"max-image-preview:large","max-video-preview":"max-video-preview:-1"},"canonical":"https:\/\/website.javelot.ag\/en\/benefits\/simpler-post-harvest\/","og_locale":"en_GB","og_type":"article","og_title":"L'apr\u00e8s-r\u00e9colte plus simple gr\u00e2ce \u00e0 nos OAD | Javelot","og_description":"Simplifiez et s\u00e9curisez vos op\u00e9rations apr\u00e8s-r\u00e9colte gr\u00e2ce aux OAD de Javelot. Gagnez du temps et de la s\u00e9r\u00e9nit\u00e9 avec une gestion centralis\u00e9e et automatis\u00e9e des donn\u00e9es","og_url":"https:\/\/website.javelot.ag\/en\/benefits\/simpler-post-harvest\/","og_site_name":"Javelot","article_modified_time":"2024-12-10T11:12:04+00:00","twitter_card":"summary_large_image","twitter_misc":{"Est. reading time":"6 minutes"},"schema":{"@context":"https:\/\/schema.org","@graph":[{"@type":"WebPage","@id":"https:\/\/website.javelot.ag\/de\/vorteile\/einfachere-nacherntephase\/","url":"https:\/\/website.javelot.ag\/de\/vorteile\/einfachere-nacherntephase\/","name":"L'apr\u00e8s-r\u00e9colte plus simple gr\u00e2ce \u00e0 nos OAD | Javelot","isPartOf":{"@id":"https:\/\/website.javelot.ag\/#website"},"datePublished":"2023-05-09T10:19:44+00:00","dateModified":"2024-12-10T11:12:04+00:00","description":"Simplifiez et s\u00e9curisez vos op\u00e9rations apr\u00e8s-r\u00e9colte gr\u00e2ce aux OAD de Javelot. Gagnez du temps et de la s\u00e9r\u00e9nit\u00e9 avec une gestion centralis\u00e9e et automatis\u00e9e des donn\u00e9es","breadcrumb":{"@id":"https:\/\/website.javelot.ag\/de\/vorteile\/einfachere-nacherntephase\/#breadcrumb"},"inLanguage":"en-GB","potentialAction":[{"@type":"ReadAction","target":["https:\/\/website.javelot.ag\/de\/vorteile\/einfachere-nacherntephase\/"]}]},{"@type":"BreadcrumbList","@id":"https:\/\/website.javelot.ag\/de\/vorteile\/einfachere-nacherntephase\/#breadcrumb","itemListElement":[{"@type":"ListItem","position":1,"name":"Accueil","item":"https:\/\/website.javelot.ag\/"},{"@type":"ListItem","position":2,"name":"B\u00e9n\u00e9fices","item":"https:\/\/website.javelot.ag\/benefices\/"},{"@type":"ListItem","position":3,"name":"L'apr\u00e8s-r\u00e9colte plus simple"}]},{"@type":"WebSite","@id":"https:\/\/website.javelot.ag\/#website","url":"https:\/\/website.javelot.ag\/","name":"Javelot","description":"Une Agritech qui optimise le stockage et la logistique agricole","publisher":{"@id":"https:\/\/website.javelot.ag\/#organization"},"potentialAction":[{"@type":"SearchAction","target":{"@type":"EntryPoint","urlTemplate":"https:\/\/website.javelot.ag\/?s={search_term_string}"},"query-input":{"@type":"PropertyValueSpecification","valueRequired":true,"valueName":"search_term_string"}}],"inLanguage":"en-GB"},{"@type":"Organization","@id":"https:\/\/website.javelot.ag\/#organization","name":"Javelot","url":"https:\/\/website.javelot.ag\/","logo":{"@type":"ImageObject","inLanguage":"en-GB","@id":"https:\/\/website.javelot.ag\/#\/schema\/logo\/image\/","url":"https:\/\/www.javelot-agriculture.com\/wp-content\/uploads\/2023\/07\/Group-85.svg","contentUrl":"https:\/\/www.javelot-agriculture.com\/wp-content\/uploads\/2023\/07\/Group-85.svg","width":173,"height":176,"caption":"Javelot"},"image":{"@id":"https:\/\/website.javelot.ag\/#\/schema\/logo\/image\/"}}]}},"_links":{"self":[{"href":"https:\/\/website.javelot.ag\/en\/wp-json\/wp\/v2\/pages\/32","targetHints":{"allow":["GET"]}}],"collection":[{"href":"https:\/\/website.javelot.ag\/en\/wp-json\/wp\/v2\/pages"}],"about":[{"href":"https:\/\/website.javelot.ag\/en\/wp-json\/wp\/v2\/types\/page"}],"author":[{"embeddable":true,"href":"https:\/\/website.javelot.ag\/en\/wp-json\/wp\/v2\/users\/1"}],"replies":[{"embeddable":true,"href":"https:\/\/website.javelot.ag\/en\/wp-json\/wp\/v2\/comments?post=32"}],"version-history":[{"count":3,"href":"https:\/\/website.javelot.ag\/en\/wp-json\/wp\/v2\/pages\/32\/revisions"}],"predecessor-version":[{"id":1301,"href":"https:\/\/website.javelot.ag\/en\/wp-json\/wp\/v2\/pages\/32\/revisions\/1301"}],"up":[{"embeddable":true,"href":"https:\/\/website.javelot.ag\/en\/wp-json\/wp\/v2\/pages\/587"}],"wp:attachment":[{"href":"https:\/\/website.javelot.ag\/en\/wp-json\/wp\/v2\/media?parent=32"}],"curies":[{"name":"wp","href":"https:\/\/api.w.org\/{rel}","templated":true}]}}