{"id":142,"date":"2023-06-05T15:01:59","date_gmt":"2023-06-05T13:01:59","guid":{"rendered":"https:\/\/www.javelot-agriculture.com\/?page_id=142"},"modified":"2024-12-10T15:17:10","modified_gmt":"2024-12-10T14:17:10","slug":"nos-metiers","status":"publish","type":"page","link":"https:\/\/website.javelot.ag\/pl\/wspolne-sily\/czym-sie-zajmujemy\/","title":{"rendered":"Czym si\u0119 zajmujemy"},"content":{"rendered":"","protected":false},"excerpt":{"rendered":"","protected":false},"author":1,"featured_media":0,"parent":19,"menu_order":10,"comment_status":"closed","ping_status":"closed","template":"","meta":{"_acf_changed":false,"inline_featured_image":false,"footnotes":""},"class_list":["post-142","page","type-page","status-publish","hentry"],"acf":[],"yoast_head":"<!-- This site is optimized with the Yoast SEO plugin v23.9 - https:\/\/yoast.com\/wordpress\/plugins\/seo\/ -->\n<title>Rejoignez Javelot \u2013 Des M\u00e9tiers Engag\u00e9s dans l\u2019Innovation du Stockage Agricole<\/title>\n<meta name=\"description\" content=\"Rejoignez Javelot et prenez part \u00e0 des m\u00e9tiers vari\u00e9s comme le d\u00e9veloppement, la relation client, et le commercial. Ensemble, nous transformons le stockage apr\u00e8s-r\u00e9colte avec des solutions innovantes qui red\u00e9finissent l\u2019agriculture.\" \/>\n<meta name=\"robots\" content=\"index, follow, max-snippet:-1, max-image-preview:large, max-video-preview:-1\" \/>\n<link rel=\"canonical\" href=\"https:\/\/website.javelot.ag\/pl\/wspolne-sily\/czym-sie-zajmujemy\/\" \/>\n<meta property=\"og:locale\" content=\"pl_PL\" \/>\n<meta property=\"og:type\" content=\"article\" \/>\n<meta property=\"og:title\" content=\"Rejoignez Javelot \u2013 Des M\u00e9tiers Engag\u00e9s dans l\u2019Innovation du Stockage Agricole\" \/>\n<meta property=\"og:description\" content=\"Rejoignez Javelot et prenez part \u00e0 des m\u00e9tiers vari\u00e9s comme le d\u00e9veloppement, la relation client, et le commercial. Ensemble, nous transformons le stockage apr\u00e8s-r\u00e9colte avec des solutions innovantes qui red\u00e9finissent l\u2019agriculture.\" \/>\n<meta property=\"og:url\" content=\"https:\/\/website.javelot.ag\/pl\/wspolne-sily\/czym-sie-zajmujemy\/\" \/>\n<meta property=\"og:site_name\" content=\"Javelot\" \/>\n<meta property=\"article:modified_time\" content=\"2024-12-10T14:17:10+00:00\" \/>\n<meta name=\"twitter:card\" content=\"summary_large_image\" \/>\n<meta name=\"twitter:label1\" content=\"Est. reading time\" \/>\n\t<meta name=\"twitter:data1\" content=\"4 minutes\" \/>\n<script type=\"application\/ld+json\" class=\"yoast-schema-graph\">{\"@context\":\"https:\/\/schema.org\",\"@graph\":[{\"@type\":\"WebPage\",\"@id\":\"https:\/\/website.javelot.ag\/en\/teamwork\/our-professions\/\",\"url\":\"https:\/\/website.javelot.ag\/en\/teamwork\/our-professions\/\",\"name\":\"Rejoignez Javelot \u2013 Des M\u00e9tiers Engag\u00e9s dans l\u2019Innovation du Stockage Agricole\",\"isPartOf\":{\"@id\":\"https:\/\/website.javelot.ag\/#website\"},\"datePublished\":\"2023-06-05T13:01:59+00:00\",\"dateModified\":\"2024-12-10T14:17:10+00:00\",\"description\":\"Rejoignez Javelot et prenez part \u00e0 des m\u00e9tiers vari\u00e9s comme le d\u00e9veloppement, la relation client, et le commercial. Ensemble, nous transformons le stockage apr\u00e8s-r\u00e9colte avec des solutions innovantes qui red\u00e9finissent l\u2019agriculture.\",\"breadcrumb\":{\"@id\":\"https:\/\/website.javelot.ag\/en\/teamwork\/our-professions\/#breadcrumb\"},\"inLanguage\":\"pl-PL\",\"potentialAction\":[{\"@type\":\"ReadAction\",\"target\":[\"https:\/\/website.javelot.ag\/en\/teamwork\/our-professions\/\"]}]},{\"@type\":\"BreadcrumbList\",\"@id\":\"https:\/\/website.javelot.ag\/en\/teamwork\/our-professions\/#breadcrumb\",\"itemListElement\":[{\"@type\":\"ListItem\",\"position\":1,\"name\":\"Accueil\",\"item\":\"https:\/\/website.javelot.ag\/\"},{\"@type\":\"ListItem\",\"position\":2,\"name\":\"Faire \u00e9quipe\",\"item\":\"https:\/\/website.javelot.ag\/en\/teamwork\/\"},{\"@type\":\"ListItem\",\"position\":3,\"name\":\"Nos m\u00e9tiers\"}]},{\"@type\":\"WebSite\",\"@id\":\"https:\/\/website.javelot.ag\/#website\",\"url\":\"https:\/\/website.javelot.ag\/\",\"name\":\"Javelot\",\"description\":\"Une Agritech qui optimise le stockage et la logistique agricole\",\"publisher\":{\"@id\":\"https:\/\/website.javelot.ag\/#organization\"},\"potentialAction\":[{\"@type\":\"SearchAction\",\"target\":{\"@type\":\"EntryPoint\",\"urlTemplate\":\"https:\/\/website.javelot.ag\/?s={search_term_string}\"},\"query-input\":{\"@type\":\"PropertyValueSpecification\",\"valueRequired\":true,\"valueName\":\"search_term_string\"}}],\"inLanguage\":\"pl-PL\"},{\"@type\":\"Organization\",\"@id\":\"https:\/\/website.javelot.ag\/#organization\",\"name\":\"Javelot\",\"url\":\"https:\/\/website.javelot.ag\/\",\"logo\":{\"@type\":\"ImageObject\",\"inLanguage\":\"pl-PL\",\"@id\":\"https:\/\/website.javelot.ag\/#\/schema\/logo\/image\/\",\"url\":\"https:\/\/www.javelot-agriculture.com\/wp-content\/uploads\/2023\/07\/Group-85.svg\",\"contentUrl\":\"https:\/\/www.javelot-agriculture.com\/wp-content\/uploads\/2023\/07\/Group-85.svg\",\"width\":173,\"height\":176,\"caption\":\"Javelot\"},\"image\":{\"@id\":\"https:\/\/website.javelot.ag\/#\/schema\/logo\/image\/\"}}]}<\/script>\n<!-- \/ Yoast SEO plugin. -->","yoast_head_json":{"title":"Rejoignez Javelot \u2013 Des M\u00e9tiers Engag\u00e9s dans l\u2019Innovation du Stockage Agricole","description":"Rejoignez Javelot et prenez part \u00e0 des m\u00e9tiers vari\u00e9s comme le d\u00e9veloppement, la relation client, et le commercial. Ensemble, nous transformons le stockage apr\u00e8s-r\u00e9colte avec des solutions innovantes qui red\u00e9finissent l\u2019agriculture.","robots":{"index":"index","follow":"follow","max-snippet":"max-snippet:-1","max-image-preview":"max-image-preview:large","max-video-preview":"max-video-preview:-1"},"canonical":"https:\/\/website.javelot.ag\/pl\/wspolne-sily\/czym-sie-zajmujemy\/","og_locale":"pl_PL","og_type":"article","og_title":"Rejoignez Javelot \u2013 Des M\u00e9tiers Engag\u00e9s dans l\u2019Innovation du Stockage Agricole","og_description":"Rejoignez Javelot et prenez part \u00e0 des m\u00e9tiers vari\u00e9s comme le d\u00e9veloppement, la relation client, et le commercial. Ensemble, nous transformons le stockage apr\u00e8s-r\u00e9colte avec des solutions innovantes qui red\u00e9finissent l\u2019agriculture.","og_url":"https:\/\/website.javelot.ag\/pl\/wspolne-sily\/czym-sie-zajmujemy\/","og_site_name":"Javelot","article_modified_time":"2024-12-10T14:17:10+00:00","twitter_card":"summary_large_image","twitter_misc":{"Est. reading time":"4 minutes"},"schema":{"@context":"https:\/\/schema.org","@graph":[{"@type":"WebPage","@id":"https:\/\/website.javelot.ag\/en\/teamwork\/our-professions\/","url":"https:\/\/website.javelot.ag\/en\/teamwork\/our-professions\/","name":"Rejoignez Javelot \u2013 Des M\u00e9tiers Engag\u00e9s dans l\u2019Innovation du Stockage Agricole","isPartOf":{"@id":"https:\/\/website.javelot.ag\/#website"},"datePublished":"2023-06-05T13:01:59+00:00","dateModified":"2024-12-10T14:17:10+00:00","description":"Rejoignez Javelot et prenez part \u00e0 des m\u00e9tiers vari\u00e9s comme le d\u00e9veloppement, la relation client, et le commercial. Ensemble, nous transformons le stockage apr\u00e8s-r\u00e9colte avec des solutions innovantes qui red\u00e9finissent l\u2019agriculture.","breadcrumb":{"@id":"https:\/\/website.javelot.ag\/en\/teamwork\/our-professions\/#breadcrumb"},"inLanguage":"pl-PL","potentialAction":[{"@type":"ReadAction","target":["https:\/\/website.javelot.ag\/en\/teamwork\/our-professions\/"]}]},{"@type":"BreadcrumbList","@id":"https:\/\/website.javelot.ag\/en\/teamwork\/our-professions\/#breadcrumb","itemListElement":[{"@type":"ListItem","position":1,"name":"Accueil","item":"https:\/\/website.javelot.ag\/"},{"@type":"ListItem","position":2,"name":"Faire \u00e9quipe","item":"https:\/\/website.javelot.ag\/en\/teamwork\/"},{"@type":"ListItem","position":3,"name":"Nos m\u00e9tiers"}]},{"@type":"WebSite","@id":"https:\/\/website.javelot.ag\/#website","url":"https:\/\/website.javelot.ag\/","name":"Javelot","description":"Une Agritech qui optimise le stockage et la logistique agricole","publisher":{"@id":"https:\/\/website.javelot.ag\/#organization"},"potentialAction":[{"@type":"SearchAction","target":{"@type":"EntryPoint","urlTemplate":"https:\/\/website.javelot.ag\/?s={search_term_string}"},"query-input":{"@type":"PropertyValueSpecification","valueRequired":true,"valueName":"search_term_string"}}],"inLanguage":"pl-PL"},{"@type":"Organization","@id":"https:\/\/website.javelot.ag\/#organization","name":"Javelot","url":"https:\/\/website.javelot.ag\/","logo":{"@type":"ImageObject","inLanguage":"pl-PL","@id":"https:\/\/website.javelot.ag\/#\/schema\/logo\/image\/","url":"https:\/\/www.javelot-agriculture.com\/wp-content\/uploads\/2023\/07\/Group-85.svg","contentUrl":"https:\/\/www.javelot-agriculture.com\/wp-content\/uploads\/2023\/07\/Group-85.svg","width":173,"height":176,"caption":"Javelot"},"image":{"@id":"https:\/\/website.javelot.ag\/#\/schema\/logo\/image\/"}}]}},"_links":{"self":[{"href":"https:\/\/website.javelot.ag\/pl\/wp-json\/wp\/v2\/pages\/142","targetHints":{"allow":["GET"]}}],"collection":[{"href":"https:\/\/website.javelot.ag\/pl\/wp-json\/wp\/v2\/pages"}],"about":[{"href":"https:\/\/website.javelot.ag\/pl\/wp-json\/wp\/v2\/types\/page"}],"author":[{"embeddable":true,"href":"https:\/\/website.javelot.ag\/pl\/wp-json\/wp\/v2\/users\/1"}],"replies":[{"embeddable":true,"href":"https:\/\/website.javelot.ag\/pl\/wp-json\/wp\/v2\/comments?post=142"}],"version-history":[{"count":1,"href":"https:\/\/website.javelot.ag\/pl\/wp-json\/wp\/v2\/pages\/142\/revisions"}],"predecessor-version":[{"id":144,"href":"https:\/\/website.javelot.ag\/pl\/wp-json\/wp\/v2\/pages\/142\/revisions\/144"}],"up":[{"embeddable":true,"href":"https:\/\/website.javelot.ag\/pl\/wp-json\/wp\/v2\/pages\/19"}],"wp:attachment":[{"href":"https:\/\/website.javelot.ag\/pl\/wp-json\/wp\/v2\/media?parent=142"}],"curies":[{"name":"wp","href":"https:\/\/api.w.org\/{rel}","templated":true}]}}