{"id":1966,"date":"2024-05-24T09:46:23","date_gmt":"2024-05-24T07:46:23","guid":{"rendered":"https:\/\/www.javelot-agriculture.com\/?page_id=1966"},"modified":"2024-12-10T12:04:31","modified_gmt":"2024-12-10T11:04:31","slug":"stockage-a-la-ferme-storeinfarm","status":"publish","type":"page","link":"https:\/\/website.javelot.ag\/pl\/rozwiazania\/przechowywanie-na-farmie-storeinfarm\/","title":{"rendered":"Przechowywanie w gospodarstwie: StoreInFarm"},"content":{"rendered":"","protected":false},"excerpt":{"rendered":"","protected":false},"author":11,"featured_media":0,"parent":11,"menu_order":1,"comment_status":"closed","ping_status":"closed","template":"","meta":{"_acf_changed":false,"inline_featured_image":false,"footnotes":""},"class_list":["post-1966","page","type-page","status-publish","hentry"],"acf":[],"yoast_head":"<!-- This site is optimized with the Yoast SEO plugin v23.9 - https:\/\/yoast.com\/wordpress\/plugins\/seo\/ -->\n<title>Stockage \u00e0 la ferme - notre OAD d\u00e9di\u00e9 au stockage des c\u00e9r\u00e9ales \u00e0 la ferme | Javelot<\/title>\n<meta name=\"description\" content=\"Notre offre d\u00e9di\u00e9e aux organismes stockeurs qui souhaitent accompagner leur agriculteurs dans l\u2019am\u00e9lioration des pratiques de stockage \u00e0 la ferme.\" \/>\n<meta name=\"robots\" content=\"index, follow, max-snippet:-1, max-image-preview:large, max-video-preview:-1\" \/>\n<link rel=\"canonical\" href=\"https:\/\/website.javelot.ag\/pl\/rozwiazania\/przechowywanie-na-farmie-storeinfarm\/\" \/>\n<meta property=\"og:locale\" content=\"pl_PL\" \/>\n<meta property=\"og:type\" content=\"article\" \/>\n<meta property=\"og:title\" content=\"Stockage \u00e0 la ferme - notre OAD d\u00e9di\u00e9 au stockage des c\u00e9r\u00e9ales \u00e0 la ferme | Javelot\" \/>\n<meta property=\"og:description\" content=\"Notre offre d\u00e9di\u00e9e aux organismes stockeurs qui souhaitent accompagner leur agriculteurs dans l\u2019am\u00e9lioration des pratiques de stockage \u00e0 la ferme.\" \/>\n<meta property=\"og:url\" content=\"https:\/\/website.javelot.ag\/pl\/rozwiazania\/przechowywanie-na-farmie-storeinfarm\/\" \/>\n<meta property=\"og:site_name\" content=\"Javelot\" \/>\n<meta property=\"article:modified_time\" content=\"2024-12-10T11:04:31+00:00\" \/>\n<meta name=\"twitter:card\" content=\"summary_large_image\" \/>\n<meta name=\"twitter:label1\" content=\"Est. reading time\" \/>\n\t<meta name=\"twitter:data1\" content=\"9 minutes\" \/>\n<script type=\"application\/ld+json\" class=\"yoast-schema-graph\">{\"@context\":\"https:\/\/schema.org\",\"@graph\":[{\"@type\":\"WebPage\",\"@id\":\"https:\/\/website.javelot.ag\/solutions\/stockage-a-la-ferme-storeinfarm\/\",\"url\":\"https:\/\/website.javelot.ag\/solutions\/stockage-a-la-ferme-storeinfarm\/\",\"name\":\"Stockage \u00e0 la ferme - notre OAD d\u00e9di\u00e9 au stockage des c\u00e9r\u00e9ales \u00e0 la ferme | Javelot\",\"isPartOf\":{\"@id\":\"https:\/\/website.javelot.ag\/#website\"},\"datePublished\":\"2024-05-24T07:46:23+00:00\",\"dateModified\":\"2024-12-10T11:04:31+00:00\",\"description\":\"Notre offre d\u00e9di\u00e9e aux organismes stockeurs qui souhaitent accompagner leur agriculteurs dans l\u2019am\u00e9lioration des pratiques de stockage \u00e0 la ferme.\",\"breadcrumb\":{\"@id\":\"https:\/\/website.javelot.ag\/solutions\/stockage-a-la-ferme-storeinfarm\/#breadcrumb\"},\"inLanguage\":\"pl-PL\",\"potentialAction\":[{\"@type\":\"ReadAction\",\"target\":[\"https:\/\/website.javelot.ag\/solutions\/stockage-a-la-ferme-storeinfarm\/\"]}]},{\"@type\":\"BreadcrumbList\",\"@id\":\"https:\/\/website.javelot.ag\/solutions\/stockage-a-la-ferme-storeinfarm\/#breadcrumb\",\"itemListElement\":[{\"@type\":\"ListItem\",\"position\":1,\"name\":\"Accueil\",\"item\":\"https:\/\/website.javelot.ag\/\"},{\"@type\":\"ListItem\",\"position\":2,\"name\":\"Solutions\",\"item\":\"https:\/\/website.javelot.ag\/en\/solutions\/\"},{\"@type\":\"ListItem\",\"position\":3,\"name\":\"Stockage \u00e0 la ferme : StoreInFarm\"}]},{\"@type\":\"WebSite\",\"@id\":\"https:\/\/website.javelot.ag\/#website\",\"url\":\"https:\/\/website.javelot.ag\/\",\"name\":\"Javelot\",\"description\":\"Une Agritech qui optimise le stockage et la logistique agricole\",\"publisher\":{\"@id\":\"https:\/\/website.javelot.ag\/#organization\"},\"potentialAction\":[{\"@type\":\"SearchAction\",\"target\":{\"@type\":\"EntryPoint\",\"urlTemplate\":\"https:\/\/website.javelot.ag\/?s={search_term_string}\"},\"query-input\":{\"@type\":\"PropertyValueSpecification\",\"valueRequired\":true,\"valueName\":\"search_term_string\"}}],\"inLanguage\":\"pl-PL\"},{\"@type\":\"Organization\",\"@id\":\"https:\/\/website.javelot.ag\/#organization\",\"name\":\"Javelot\",\"url\":\"https:\/\/website.javelot.ag\/\",\"logo\":{\"@type\":\"ImageObject\",\"inLanguage\":\"pl-PL\",\"@id\":\"https:\/\/website.javelot.ag\/#\/schema\/logo\/image\/\",\"url\":\"https:\/\/www.javelot-agriculture.com\/wp-content\/uploads\/2023\/07\/Group-85.svg\",\"contentUrl\":\"https:\/\/www.javelot-agriculture.com\/wp-content\/uploads\/2023\/07\/Group-85.svg\",\"width\":173,\"height\":176,\"caption\":\"Javelot\"},\"image\":{\"@id\":\"https:\/\/website.javelot.ag\/#\/schema\/logo\/image\/\"}}]}<\/script>\n<!-- \/ Yoast SEO plugin. -->","yoast_head_json":{"title":"Stockage \u00e0 la ferme - notre OAD d\u00e9di\u00e9 au stockage des c\u00e9r\u00e9ales \u00e0 la ferme | Javelot","description":"Notre offre d\u00e9di\u00e9e aux organismes stockeurs qui souhaitent accompagner leur agriculteurs dans l\u2019am\u00e9lioration des pratiques de stockage \u00e0 la ferme.","robots":{"index":"index","follow":"follow","max-snippet":"max-snippet:-1","max-image-preview":"max-image-preview:large","max-video-preview":"max-video-preview:-1"},"canonical":"https:\/\/website.javelot.ag\/pl\/rozwiazania\/przechowywanie-na-farmie-storeinfarm\/","og_locale":"pl_PL","og_type":"article","og_title":"Stockage \u00e0 la ferme - notre OAD d\u00e9di\u00e9 au stockage des c\u00e9r\u00e9ales \u00e0 la ferme | Javelot","og_description":"Notre offre d\u00e9di\u00e9e aux organismes stockeurs qui souhaitent accompagner leur agriculteurs dans l\u2019am\u00e9lioration des pratiques de stockage \u00e0 la ferme.","og_url":"https:\/\/website.javelot.ag\/pl\/rozwiazania\/przechowywanie-na-farmie-storeinfarm\/","og_site_name":"Javelot","article_modified_time":"2024-12-10T11:04:31+00:00","twitter_card":"summary_large_image","twitter_misc":{"Est. reading time":"9 minutes"},"schema":{"@context":"https:\/\/schema.org","@graph":[{"@type":"WebPage","@id":"https:\/\/website.javelot.ag\/solutions\/stockage-a-la-ferme-storeinfarm\/","url":"https:\/\/website.javelot.ag\/solutions\/stockage-a-la-ferme-storeinfarm\/","name":"Stockage \u00e0 la ferme - notre OAD d\u00e9di\u00e9 au stockage des c\u00e9r\u00e9ales \u00e0 la ferme | Javelot","isPartOf":{"@id":"https:\/\/website.javelot.ag\/#website"},"datePublished":"2024-05-24T07:46:23+00:00","dateModified":"2024-12-10T11:04:31+00:00","description":"Notre offre d\u00e9di\u00e9e aux organismes stockeurs qui souhaitent accompagner leur agriculteurs dans l\u2019am\u00e9lioration des pratiques de stockage \u00e0 la ferme.","breadcrumb":{"@id":"https:\/\/website.javelot.ag\/solutions\/stockage-a-la-ferme-storeinfarm\/#breadcrumb"},"inLanguage":"pl-PL","potentialAction":[{"@type":"ReadAction","target":["https:\/\/website.javelot.ag\/solutions\/stockage-a-la-ferme-storeinfarm\/"]}]},{"@type":"BreadcrumbList","@id":"https:\/\/website.javelot.ag\/solutions\/stockage-a-la-ferme-storeinfarm\/#breadcrumb","itemListElement":[{"@type":"ListItem","position":1,"name":"Accueil","item":"https:\/\/website.javelot.ag\/"},{"@type":"ListItem","position":2,"name":"Solutions","item":"https:\/\/website.javelot.ag\/en\/solutions\/"},{"@type":"ListItem","position":3,"name":"Stockage \u00e0 la ferme : StoreInFarm"}]},{"@type":"WebSite","@id":"https:\/\/website.javelot.ag\/#website","url":"https:\/\/website.javelot.ag\/","name":"Javelot","description":"Une Agritech qui optimise le stockage et la logistique agricole","publisher":{"@id":"https:\/\/website.javelot.ag\/#organization"},"potentialAction":[{"@type":"SearchAction","target":{"@type":"EntryPoint","urlTemplate":"https:\/\/website.javelot.ag\/?s={search_term_string}"},"query-input":{"@type":"PropertyValueSpecification","valueRequired":true,"valueName":"search_term_string"}}],"inLanguage":"pl-PL"},{"@type":"Organization","@id":"https:\/\/website.javelot.ag\/#organization","name":"Javelot","url":"https:\/\/website.javelot.ag\/","logo":{"@type":"ImageObject","inLanguage":"pl-PL","@id":"https:\/\/website.javelot.ag\/#\/schema\/logo\/image\/","url":"https:\/\/www.javelot-agriculture.com\/wp-content\/uploads\/2023\/07\/Group-85.svg","contentUrl":"https:\/\/www.javelot-agriculture.com\/wp-content\/uploads\/2023\/07\/Group-85.svg","width":173,"height":176,"caption":"Javelot"},"image":{"@id":"https:\/\/website.javelot.ag\/#\/schema\/logo\/image\/"}}]}},"_links":{"self":[{"href":"https:\/\/website.javelot.ag\/pl\/wp-json\/wp\/v2\/pages\/1966","targetHints":{"allow":["GET"]}}],"collection":[{"href":"https:\/\/website.javelot.ag\/pl\/wp-json\/wp\/v2\/pages"}],"about":[{"href":"https:\/\/website.javelot.ag\/pl\/wp-json\/wp\/v2\/types\/page"}],"author":[{"embeddable":true,"href":"https:\/\/website.javelot.ag\/pl\/wp-json\/wp\/v2\/users\/11"}],"replies":[{"embeddable":true,"href":"https:\/\/website.javelot.ag\/pl\/wp-json\/wp\/v2\/comments?post=1966"}],"version-history":[{"count":4,"href":"https:\/\/website.javelot.ag\/pl\/wp-json\/wp\/v2\/pages\/1966\/revisions"}],"predecessor-version":[{"id":2009,"href":"https:\/\/website.javelot.ag\/pl\/wp-json\/wp\/v2\/pages\/1966\/revisions\/2009"}],"up":[{"embeddable":true,"href":"https:\/\/website.javelot.ag\/pl\/wp-json\/wp\/v2\/pages\/11"}],"wp:attachment":[{"href":"https:\/\/website.javelot.ag\/pl\/wp-json\/wp\/v2\/media?parent=1966"}],"curies":[{"name":"wp","href":"https:\/\/api.w.org\/{rel}","templated":true}]}}