{"id":2078,"date":"2024-06-07T10:31:45","date_gmt":"2024-06-07T08:31:45","guid":{"rendered":"https:\/\/www.javelot-agriculture.com\/?page_id=2078"},"modified":"2024-12-10T12:05:30","modified_gmt":"2024-12-10T11:05:30","slug":"prevenir-le-risque-dinsecte","status":"publish","type":"page","link":"https:\/\/website.javelot.ag\/pl\/zapobieganie-zagrozeniu-ze-strony-owadow\/","title":{"rendered":"Zapobieganie zagro\u017ceniu ze strony owad\u00f3w"},"content":{"rendered":"","protected":false},"excerpt":{"rendered":"","protected":false},"author":16,"featured_media":0,"parent":0,"menu_order":0,"comment_status":"closed","ping_status":"closed","template":"","meta":{"_acf_changed":false,"inline_featured_image":false,"footnotes":""},"class_list":["post-2078","page","type-page","status-publish","hentry"],"acf":[],"yoast_head":"<!-- This site is optimized with the Yoast SEO plugin v23.9 - https:\/\/yoast.com\/wordpress\/plugins\/seo\/ -->\n<title>Pr\u00e9venir le risque d\u2019insecte du bl\u00e9 - Expertises Javelot | Javelot<\/title>\n<meta name=\"description\" content=\"Les insectes repr\u00e9sentent un risque important pour la qualit\u00e9 et la valeur des c\u00e9r\u00e9ales stock\u00e9es.\" \/>\n<meta name=\"robots\" content=\"index, follow, max-snippet:-1, max-image-preview:large, max-video-preview:-1\" \/>\n<link rel=\"canonical\" href=\"https:\/\/website.javelot.ag\/pl\/zapobieganie-zagrozeniu-ze-strony-owadow\/\" \/>\n<meta property=\"og:locale\" content=\"pl_PL\" \/>\n<meta property=\"og:type\" content=\"article\" \/>\n<meta property=\"og:title\" content=\"Pr\u00e9venir le risque d\u2019insecte du bl\u00e9 - Expertises Javelot | Javelot\" \/>\n<meta property=\"og:description\" content=\"Les insectes repr\u00e9sentent un risque important pour la qualit\u00e9 et la valeur des c\u00e9r\u00e9ales stock\u00e9es.\" \/>\n<meta property=\"og:url\" content=\"https:\/\/website.javelot.ag\/pl\/zapobieganie-zagrozeniu-ze-strony-owadow\/\" \/>\n<meta property=\"og:site_name\" content=\"Javelot\" \/>\n<meta property=\"article:modified_time\" content=\"2024-12-10T11:05:30+00:00\" \/>\n<meta name=\"twitter:card\" content=\"summary_large_image\" \/>\n<meta name=\"twitter:label1\" content=\"Est. reading time\" \/>\n\t<meta name=\"twitter:data1\" content=\"6 minutes\" \/>\n<script type=\"application\/ld+json\" class=\"yoast-schema-graph\">{\"@context\":\"https:\/\/schema.org\",\"@graph\":[{\"@type\":\"WebPage\",\"@id\":\"https:\/\/website.javelot.ag\/en\/insect-risk-prevention\/\",\"url\":\"https:\/\/website.javelot.ag\/en\/insect-risk-prevention\/\",\"name\":\"Pr\u00e9venir le risque d\u2019insecte du bl\u00e9 - Expertises Javelot | Javelot\",\"isPartOf\":{\"@id\":\"https:\/\/website.javelot.ag\/#website\"},\"datePublished\":\"2024-06-07T08:31:45+00:00\",\"dateModified\":\"2024-12-10T11:05:30+00:00\",\"description\":\"Les insectes repr\u00e9sentent un risque important pour la qualit\u00e9 et la valeur des c\u00e9r\u00e9ales stock\u00e9es.\",\"breadcrumb\":{\"@id\":\"https:\/\/website.javelot.ag\/en\/insect-risk-prevention\/#breadcrumb\"},\"inLanguage\":\"pl-PL\",\"potentialAction\":[{\"@type\":\"ReadAction\",\"target\":[\"https:\/\/website.javelot.ag\/en\/insect-risk-prevention\/\"]}]},{\"@type\":\"BreadcrumbList\",\"@id\":\"https:\/\/website.javelot.ag\/en\/insect-risk-prevention\/#breadcrumb\",\"itemListElement\":[{\"@type\":\"ListItem\",\"position\":1,\"name\":\"Accueil\",\"item\":\"https:\/\/website.javelot.ag\/\"},{\"@type\":\"ListItem\",\"position\":2,\"name\":\"Pr\u00e9venir le risque insecte\"}]},{\"@type\":\"WebSite\",\"@id\":\"https:\/\/website.javelot.ag\/#website\",\"url\":\"https:\/\/website.javelot.ag\/\",\"name\":\"Javelot\",\"description\":\"Une Agritech qui optimise le stockage et la logistique agricole\",\"publisher\":{\"@id\":\"https:\/\/website.javelot.ag\/#organization\"},\"potentialAction\":[{\"@type\":\"SearchAction\",\"target\":{\"@type\":\"EntryPoint\",\"urlTemplate\":\"https:\/\/website.javelot.ag\/?s={search_term_string}\"},\"query-input\":{\"@type\":\"PropertyValueSpecification\",\"valueRequired\":true,\"valueName\":\"search_term_string\"}}],\"inLanguage\":\"pl-PL\"},{\"@type\":\"Organization\",\"@id\":\"https:\/\/website.javelot.ag\/#organization\",\"name\":\"Javelot\",\"url\":\"https:\/\/website.javelot.ag\/\",\"logo\":{\"@type\":\"ImageObject\",\"inLanguage\":\"pl-PL\",\"@id\":\"https:\/\/website.javelot.ag\/#\/schema\/logo\/image\/\",\"url\":\"https:\/\/www.javelot-agriculture.com\/wp-content\/uploads\/2023\/07\/Group-85.svg\",\"contentUrl\":\"https:\/\/www.javelot-agriculture.com\/wp-content\/uploads\/2023\/07\/Group-85.svg\",\"width\":173,\"height\":176,\"caption\":\"Javelot\"},\"image\":{\"@id\":\"https:\/\/website.javelot.ag\/#\/schema\/logo\/image\/\"}}]}<\/script>\n<!-- \/ Yoast SEO plugin. -->","yoast_head_json":{"title":"Pr\u00e9venir le risque d\u2019insecte du bl\u00e9 - Expertises Javelot | Javelot","description":"Les insectes repr\u00e9sentent un risque important pour la qualit\u00e9 et la valeur des c\u00e9r\u00e9ales stock\u00e9es.","robots":{"index":"index","follow":"follow","max-snippet":"max-snippet:-1","max-image-preview":"max-image-preview:large","max-video-preview":"max-video-preview:-1"},"canonical":"https:\/\/website.javelot.ag\/pl\/zapobieganie-zagrozeniu-ze-strony-owadow\/","og_locale":"pl_PL","og_type":"article","og_title":"Pr\u00e9venir le risque d\u2019insecte du bl\u00e9 - Expertises Javelot | Javelot","og_description":"Les insectes repr\u00e9sentent un risque important pour la qualit\u00e9 et la valeur des c\u00e9r\u00e9ales stock\u00e9es.","og_url":"https:\/\/website.javelot.ag\/pl\/zapobieganie-zagrozeniu-ze-strony-owadow\/","og_site_name":"Javelot","article_modified_time":"2024-12-10T11:05:30+00:00","twitter_card":"summary_large_image","twitter_misc":{"Est. reading time":"6 minutes"},"schema":{"@context":"https:\/\/schema.org","@graph":[{"@type":"WebPage","@id":"https:\/\/website.javelot.ag\/en\/insect-risk-prevention\/","url":"https:\/\/website.javelot.ag\/en\/insect-risk-prevention\/","name":"Pr\u00e9venir le risque d\u2019insecte du bl\u00e9 - Expertises Javelot | Javelot","isPartOf":{"@id":"https:\/\/website.javelot.ag\/#website"},"datePublished":"2024-06-07T08:31:45+00:00","dateModified":"2024-12-10T11:05:30+00:00","description":"Les insectes repr\u00e9sentent un risque important pour la qualit\u00e9 et la valeur des c\u00e9r\u00e9ales stock\u00e9es.","breadcrumb":{"@id":"https:\/\/website.javelot.ag\/en\/insect-risk-prevention\/#breadcrumb"},"inLanguage":"pl-PL","potentialAction":[{"@type":"ReadAction","target":["https:\/\/website.javelot.ag\/en\/insect-risk-prevention\/"]}]},{"@type":"BreadcrumbList","@id":"https:\/\/website.javelot.ag\/en\/insect-risk-prevention\/#breadcrumb","itemListElement":[{"@type":"ListItem","position":1,"name":"Accueil","item":"https:\/\/website.javelot.ag\/"},{"@type":"ListItem","position":2,"name":"Pr\u00e9venir le risque insecte"}]},{"@type":"WebSite","@id":"https:\/\/website.javelot.ag\/#website","url":"https:\/\/website.javelot.ag\/","name":"Javelot","description":"Une Agritech qui optimise le stockage et la logistique agricole","publisher":{"@id":"https:\/\/website.javelot.ag\/#organization"},"potentialAction":[{"@type":"SearchAction","target":{"@type":"EntryPoint","urlTemplate":"https:\/\/website.javelot.ag\/?s={search_term_string}"},"query-input":{"@type":"PropertyValueSpecification","valueRequired":true,"valueName":"search_term_string"}}],"inLanguage":"pl-PL"},{"@type":"Organization","@id":"https:\/\/website.javelot.ag\/#organization","name":"Javelot","url":"https:\/\/website.javelot.ag\/","logo":{"@type":"ImageObject","inLanguage":"pl-PL","@id":"https:\/\/website.javelot.ag\/#\/schema\/logo\/image\/","url":"https:\/\/www.javelot-agriculture.com\/wp-content\/uploads\/2023\/07\/Group-85.svg","contentUrl":"https:\/\/www.javelot-agriculture.com\/wp-content\/uploads\/2023\/07\/Group-85.svg","width":173,"height":176,"caption":"Javelot"},"image":{"@id":"https:\/\/website.javelot.ag\/#\/schema\/logo\/image\/"}}]}},"_links":{"self":[{"href":"https:\/\/website.javelot.ag\/pl\/wp-json\/wp\/v2\/pages\/2078","targetHints":{"allow":["GET"]}}],"collection":[{"href":"https:\/\/website.javelot.ag\/pl\/wp-json\/wp\/v2\/pages"}],"about":[{"href":"https:\/\/website.javelot.ag\/pl\/wp-json\/wp\/v2\/types\/page"}],"author":[{"embeddable":true,"href":"https:\/\/website.javelot.ag\/pl\/wp-json\/wp\/v2\/users\/16"}],"replies":[{"embeddable":true,"href":"https:\/\/website.javelot.ag\/pl\/wp-json\/wp\/v2\/comments?post=2078"}],"version-history":[{"count":2,"href":"https:\/\/website.javelot.ag\/pl\/wp-json\/wp\/v2\/pages\/2078\/revisions"}],"predecessor-version":[{"id":2091,"href":"https:\/\/website.javelot.ag\/pl\/wp-json\/wp\/v2\/pages\/2078\/revisions\/2091"}],"wp:attachment":[{"href":"https:\/\/website.javelot.ag\/pl\/wp-json\/wp\/v2\/media?parent=2078"}],"curies":[{"name":"wp","href":"https:\/\/api.w.org\/{rel}","templated":true}]}}