{"id":21,"date":"2023-05-09T12:03:57","date_gmt":"2023-05-09T10:03:57","guid":{"rendered":"https:\/\/www.javelot-agriculture.com\/?page_id=21"},"modified":"2024-12-10T15:16:00","modified_gmt":"2024-12-10T14:16:00","slug":"mentions-legales","status":"publish","type":"page","link":"https:\/\/website.javelot.ag\/pl\/pelne-oceny\/","title":{"rendered":"Informacje prawne"},"content":{"rendered":"<h2 class=\"wp-block-heading\">Dane kontaktowe<\/h2>\n\n\n\n<p>Javelot jest chronionym znakiem towarowym.<br>Strony internetowe www.javelot.ag - www.javelot-agriculture.com - www.shop.javelot.ag - app.javelot.ag s\u0105 w\u0142asno\u015bci\u0105:<br>Javelot, uproszczona sp\u00f3\u0142ka akcyjna z kapita\u0142em zak\u0142adowym w wysoko\u015bci 5 400 EUR, z siedzib\u0105 pod adresem 1001 Avenue de la R\u00e9publique, 59700 Marcq-en-Bar\u0153ul, Francja.<br>zarejestrowana pod numerem 834 648 677 RCS Lille M\u00e9tropole<br>E-mail: info@javelot.ag<br>Telefon: +33 3 66 88 21 94<br>Dyrektor publikacji: F\u00e9lix BONDUELLE, dyrektor zarz\u0105dzaj\u0105cy Javelot.<\/p>\n\n\n\n<h2 class=\"wp-block-heading\">Zakwaterowanie :<\/h2>\n\n\n\n<p class=\" translation-block\">Strona www.javelot-agriculture.com jest hostowana przez<br>OVH<br>SAS z kapita\u0142em 10 069 020 \u20ac<br>RCS Lille M\u00e9tropole 424 761 419 00045<br>Kod APE 2620Z<br>Nr VAT: FR 22 424 761 419<br>G\u0142\u00f3wna siedziba: 2 rue Kellermann - 59100 Roubaix - Francja<\/p>\n\n\n\n<h2 class=\"wp-block-heading\">Re\u017cyseria : &nbsp;<\/h2>\n\n\n\n<p class=\" translation-block\">Strona <a href=\"https:\/\/www.javelot-agriculture.com\/\" target=\"_self\">www.javelot-agriculture.com<\/a> zosta\u0142a stworzona przez agencj\u0119 <a href=\"https:\/\/www.itroom.fr\/\" target=\"_self\">IT-Room<\/a><br>Kod NUTS 6202A<br>Numer VAT: FR29430032854<br>G\u0142\u00f3wna siedziba: 5 All\u00e9e Gabert - 59510 Hem - Francja.<\/p>\n\n\n\n<h2 class=\"wp-block-heading\">O\u015bwiadczenie CNIL<\/h2>\n\n\n\n<p>Zgodnie z ustaw\u0105 78-17 z dnia 6 stycznia 1978 r. o przetwarzaniu danych, plikach danych i swobodach indywidualnych, z p\u00f3\u017aniejszymi zmianami, niniejsza strona internetowa zosta\u0142a zarejestrowana pod numerem 2097157 v 0 jako uproszczona deklaracja nr 48 w Commission Nationale de l'Informatique et des Libert\u00e9s (CNIL).<\/p>\n\n\n\n<p>Podczas wizyty na tej stronie lub podczas korzystania z us\u0142ugi Javelot u\u017cytkownik mo\u017ce zosta\u0107 poproszony o podanie swoich danych osobowych (nazwisko, imi\u0119, adres e-mail, firma, numer telefonu, adres itp.)<\/p>\n\n\n\n<p>Informujemy, \u017ce dane zebrane za pomoc\u0105 formularza lub w inny spos\u00f3b s\u0105 zapisywane w pliku komputerowym przez Javelot i s\u0105 przeznaczone dla dzia\u0142u IT, dzia\u0142u marketingu i dzia\u0142u sprzeda\u017cy. W \u017cadnym wypadku informacje te nie b\u0119d\u0105 przekazywane, bezp\u0142atnie lub odp\u0142atnie, osobom trzecim, zar\u00f3wno osobom fizycznym, jak i prawnym.<\/p>\n\n\n\n<p>Zgodnie z francusk\u0105 ustaw\u0105 o ochronie danych osobowych u\u017cytkownik mo\u017ce skorzysta\u0107 z prawa dost\u0119pu do swoich danych osobowych i ich poprawiania, kontaktuj\u0105c si\u0119 pod adresem: info@javelot.ag<\/p>\n\n\n\n<h2 class=\"wp-block-heading\">Zgodno\u015b\u0107 z dyrektyw\u0105 UE<\/h2>\n\n\n\n<p>Ni\u017cej podpisana firma Javelot o\u015bwiadcza, \u017ce urz\u0105dzenia radiowe typu Flat'Javelot, Exte'Javelot, Verti'Javelot, Connect'Javelot, Venti'Javelot s\u0105 zgodne z dyrektyw\u0105 2014\/53\/UE.<\/p>\n\n\n\n<p>Pe\u0142ny tekst deklaracji zgodno\u015bci UE jest dost\u0119pny pod nast\u0119puj\u0105cymi linkami:<\/p>\n\n\n\n<ul class=\"wp-block-list\">\n<li><a href=\"http:\/\/www.javelot.ag\/docs\/DECLARATION-CONFORMITE-RED-FlatJavelot.pdf\">Deklaracja zgodno\u015bci UE - Flat'Javelot<\/a><\/li>\n\n\n\n<li><a href=\"http:\/\/www.javelot.ag\/docs\/DECLARATION-CONFORMITE-RED-VertiJavelot.pdf\">Deklaracja zgodno\u015bci UE - Verti'Javelot<\/a><\/li>\n<\/ul>\n\n\n\n<h2 class=\"wp-block-heading\">W\u0142asno\u015b\u0107 intelektualna<\/h2>\n\n\n\n<p>Og\u00f3lna struktura, a tak\u017ce teksty, obrazy i animacje, kt\u00f3re sk\u0142adaj\u0105 si\u0119 na t\u0119 stron\u0119 internetow\u0105, s\u0105 w\u0142asno\u015bci\u0105 Javelot lub stron trzecich, kt\u00f3re upowa\u017cni\u0142y Javelot do ich wykorzystania. Elementy te s\u0105 chronione przepisami dotycz\u0105cymi praw autorskich, rysunk\u00f3w i modeli, a tak\u017ce przepisami dotycz\u0105cymi znak\u00f3w towarowych (w szczeg\u00f3lno\u015bci w odniesieniu do znaku towarowego Javelot). W zwi\u0105zku z tym wszelkie powielanie, wykorzystywanie, przedstawianie, adaptowanie, ca\u0142kowite lub cz\u0119\u015bciowe, jednego lub drugiego z tych element\u00f3w jest zabronione bez wyra\u017anej i uprzedniej zgody Javelot, z wyj\u0105tkiem wyj\u0105tk\u00f3w wymienionych w artykule L.122-5 kodeksu w\u0142asno\u015bci intelektualnej.<\/p>\n\n\n\n<p>Takie przedstawienie lub powielanie, w jakikolwiek spos\u00f3b, stanowi naruszenie praw autorskich i\/lub wzor\u00f3w i modeli i\/lub znak\u00f3w towarowych, podlegaj\u0105ce sankcjom karnym i cywilnym przewidzianym przez obowi\u0105zuj\u0105ce przepisy w tym zakresie.<\/p>","protected":false},"excerpt":{"rendered":"<p>Dane kontaktowe Javelot jest chronionym znakiem towarowym.www.javelot.ag - www.javelot-agriculture.com - www.shop.javelot.ag - app.javelot.ag s\u0105 w\u0142asno\u015bci\u0105:Javelot, Soci\u00e9t\u00e9 par Actions Simplifi\u00e9e z kapita\u0142em 5,400 \u20ac, z siedzib\u0105 przy 1001 Avenue de la R\u00e9publique, 59700 Marcq-en-Bar\u0153ul, FrancjaZarejestrowany pod numerem 834 648 677 RCS Lille M\u00e9tropoleEmail : info@javelot.agT\u00e9l\u00e9phone : +33 3 [...]<\/p>","protected":false},"author":1,"featured_media":0,"parent":0,"menu_order":0,"comment_status":"closed","ping_status":"closed","template":"","meta":{"_acf_changed":false,"inline_featured_image":false,"footnotes":""},"class_list":["post-21","page","type-page","status-publish","hentry"],"acf":[],"yoast_head":"<!-- This site is optimized with the Yoast SEO plugin v23.9 - https:\/\/yoast.com\/wordpress\/plugins\/seo\/ -->\n<title>Mentions l\u00e9gales Javelot : Sp\u00e9cialiste de l&#039;agriculture connect\u00e9e<\/title>\n<meta name=\"description\" content=\"Consultez les mentions l\u00e9gales de Javelot : informations sur l&#039;h\u00e9bergement, la propri\u00e9t\u00e9 intellectuelle, la conformit\u00e9 CNIL, et les coordonn\u00e9es l\u00e9gales de notre entreprise.\" \/>\n<meta name=\"robots\" content=\"index, follow, max-snippet:-1, max-image-preview:large, max-video-preview:-1\" \/>\n<link rel=\"canonical\" href=\"https:\/\/website.javelot.ag\/pl\/pelne-oceny\/\" \/>\n<meta property=\"og:locale\" content=\"pl_PL\" \/>\n<meta property=\"og:type\" content=\"article\" \/>\n<meta property=\"og:title\" content=\"Mentions l\u00e9gales Javelot : Sp\u00e9cialiste de l&#039;agriculture connect\u00e9e\" \/>\n<meta property=\"og:description\" content=\"Consultez les mentions l\u00e9gales de Javelot : informations sur l&#039;h\u00e9bergement, la propri\u00e9t\u00e9 intellectuelle, la conformit\u00e9 CNIL, et les coordonn\u00e9es l\u00e9gales de notre entreprise.\" \/>\n<meta property=\"og:url\" content=\"https:\/\/website.javelot.ag\/pl\/pelne-oceny\/\" \/>\n<meta property=\"og:site_name\" content=\"Javelot\" \/>\n<meta property=\"article:modified_time\" content=\"2024-12-10T14:16:00+00:00\" \/>\n<meta name=\"twitter:card\" content=\"summary_large_image\" \/>\n<meta name=\"twitter:label1\" content=\"Est. reading time\" \/>\n\t<meta name=\"twitter:data1\" content=\"3 minutes\" \/>\n<script type=\"application\/ld+json\" class=\"yoast-schema-graph\">{\"@context\":\"https:\/\/schema.org\",\"@graph\":[{\"@type\":\"WebPage\",\"@id\":\"https:\/\/website.javelot.ag\/pl\/pelne-oceny\/\",\"url\":\"https:\/\/website.javelot.ag\/pl\/pelne-oceny\/\",\"name\":\"Mentions l\u00e9gales Javelot : Sp\u00e9cialiste de l'agriculture connect\u00e9e\",\"isPartOf\":{\"@id\":\"https:\/\/website.javelot.ag\/#website\"},\"datePublished\":\"2023-05-09T10:03:57+00:00\",\"dateModified\":\"2024-12-10T14:16:00+00:00\",\"description\":\"Consultez les mentions l\u00e9gales de Javelot : informations sur l'h\u00e9bergement, la propri\u00e9t\u00e9 intellectuelle, la conformit\u00e9 CNIL, et les coordonn\u00e9es l\u00e9gales de notre entreprise.\",\"breadcrumb\":{\"@id\":\"https:\/\/website.javelot.ag\/pl\/pelne-oceny\/#breadcrumb\"},\"inLanguage\":\"pl-PL\",\"potentialAction\":[{\"@type\":\"ReadAction\",\"target\":[\"https:\/\/website.javelot.ag\/pl\/pelne-oceny\/\"]}]},{\"@type\":\"BreadcrumbList\",\"@id\":\"https:\/\/website.javelot.ag\/pl\/pelne-oceny\/#breadcrumb\",\"itemListElement\":[{\"@type\":\"ListItem\",\"position\":1,\"name\":\"Accueil\",\"item\":\"https:\/\/website.javelot.ag\/\"},{\"@type\":\"ListItem\",\"position\":2,\"name\":\"Mentions l\u00e9gales\"}]},{\"@type\":\"WebSite\",\"@id\":\"https:\/\/website.javelot.ag\/#website\",\"url\":\"https:\/\/website.javelot.ag\/\",\"name\":\"Javelot\",\"description\":\"Une Agritech qui optimise le stockage et la logistique agricole\",\"publisher\":{\"@id\":\"https:\/\/website.javelot.ag\/#organization\"},\"potentialAction\":[{\"@type\":\"SearchAction\",\"target\":{\"@type\":\"EntryPoint\",\"urlTemplate\":\"https:\/\/website.javelot.ag\/?s={search_term_string}\"},\"query-input\":{\"@type\":\"PropertyValueSpecification\",\"valueRequired\":true,\"valueName\":\"search_term_string\"}}],\"inLanguage\":\"pl-PL\"},{\"@type\":\"Organization\",\"@id\":\"https:\/\/website.javelot.ag\/#organization\",\"name\":\"Javelot\",\"url\":\"https:\/\/website.javelot.ag\/\",\"logo\":{\"@type\":\"ImageObject\",\"inLanguage\":\"pl-PL\",\"@id\":\"https:\/\/website.javelot.ag\/#\/schema\/logo\/image\/\",\"url\":\"https:\/\/www.javelot-agriculture.com\/wp-content\/uploads\/2023\/07\/Group-85.svg\",\"contentUrl\":\"https:\/\/www.javelot-agriculture.com\/wp-content\/uploads\/2023\/07\/Group-85.svg\",\"width\":173,\"height\":176,\"caption\":\"Javelot\"},\"image\":{\"@id\":\"https:\/\/website.javelot.ag\/#\/schema\/logo\/image\/\"}}]}<\/script>\n<!-- \/ Yoast SEO plugin. -->","yoast_head_json":{"title":"Mentions l\u00e9gales Javelot : Sp\u00e9cialiste de l'agriculture connect\u00e9e","description":"Consultez les mentions l\u00e9gales de Javelot : informations sur l'h\u00e9bergement, la propri\u00e9t\u00e9 intellectuelle, la conformit\u00e9 CNIL, et les coordonn\u00e9es l\u00e9gales de notre entreprise.","robots":{"index":"index","follow":"follow","max-snippet":"max-snippet:-1","max-image-preview":"max-image-preview:large","max-video-preview":"max-video-preview:-1"},"canonical":"https:\/\/website.javelot.ag\/pl\/pelne-oceny\/","og_locale":"pl_PL","og_type":"article","og_title":"Mentions l\u00e9gales Javelot : Sp\u00e9cialiste de l'agriculture connect\u00e9e","og_description":"Consultez les mentions l\u00e9gales de Javelot : informations sur l'h\u00e9bergement, la propri\u00e9t\u00e9 intellectuelle, la conformit\u00e9 CNIL, et les coordonn\u00e9es l\u00e9gales de notre entreprise.","og_url":"https:\/\/website.javelot.ag\/pl\/pelne-oceny\/","og_site_name":"Javelot","article_modified_time":"2024-12-10T14:16:00+00:00","twitter_card":"summary_large_image","twitter_misc":{"Est. reading time":"3 minutes"},"schema":{"@context":"https:\/\/schema.org","@graph":[{"@type":"WebPage","@id":"https:\/\/website.javelot.ag\/pl\/pelne-oceny\/","url":"https:\/\/website.javelot.ag\/pl\/pelne-oceny\/","name":"Mentions l\u00e9gales Javelot : Sp\u00e9cialiste de l'agriculture connect\u00e9e","isPartOf":{"@id":"https:\/\/website.javelot.ag\/#website"},"datePublished":"2023-05-09T10:03:57+00:00","dateModified":"2024-12-10T14:16:00+00:00","description":"Consultez les mentions l\u00e9gales de Javelot : informations sur l'h\u00e9bergement, la propri\u00e9t\u00e9 intellectuelle, la conformit\u00e9 CNIL, et les coordonn\u00e9es l\u00e9gales de notre entreprise.","breadcrumb":{"@id":"https:\/\/website.javelot.ag\/pl\/pelne-oceny\/#breadcrumb"},"inLanguage":"pl-PL","potentialAction":[{"@type":"ReadAction","target":["https:\/\/website.javelot.ag\/pl\/pelne-oceny\/"]}]},{"@type":"BreadcrumbList","@id":"https:\/\/website.javelot.ag\/pl\/pelne-oceny\/#breadcrumb","itemListElement":[{"@type":"ListItem","position":1,"name":"Accueil","item":"https:\/\/website.javelot.ag\/"},{"@type":"ListItem","position":2,"name":"Mentions l\u00e9gales"}]},{"@type":"WebSite","@id":"https:\/\/website.javelot.ag\/#website","url":"https:\/\/website.javelot.ag\/","name":"Javelot","description":"Une Agritech qui optimise le stockage et la logistique agricole","publisher":{"@id":"https:\/\/website.javelot.ag\/#organization"},"potentialAction":[{"@type":"SearchAction","target":{"@type":"EntryPoint","urlTemplate":"https:\/\/website.javelot.ag\/?s={search_term_string}"},"query-input":{"@type":"PropertyValueSpecification","valueRequired":true,"valueName":"search_term_string"}}],"inLanguage":"pl-PL"},{"@type":"Organization","@id":"https:\/\/website.javelot.ag\/#organization","name":"Javelot","url":"https:\/\/website.javelot.ag\/","logo":{"@type":"ImageObject","inLanguage":"pl-PL","@id":"https:\/\/website.javelot.ag\/#\/schema\/logo\/image\/","url":"https:\/\/www.javelot-agriculture.com\/wp-content\/uploads\/2023\/07\/Group-85.svg","contentUrl":"https:\/\/www.javelot-agriculture.com\/wp-content\/uploads\/2023\/07\/Group-85.svg","width":173,"height":176,"caption":"Javelot"},"image":{"@id":"https:\/\/website.javelot.ag\/#\/schema\/logo\/image\/"}}]}},"_links":{"self":[{"href":"https:\/\/website.javelot.ag\/pl\/wp-json\/wp\/v2\/pages\/21","targetHints":{"allow":["GET"]}}],"collection":[{"href":"https:\/\/website.javelot.ag\/pl\/wp-json\/wp\/v2\/pages"}],"about":[{"href":"https:\/\/website.javelot.ag\/pl\/wp-json\/wp\/v2\/types\/page"}],"author":[{"embeddable":true,"href":"https:\/\/website.javelot.ag\/pl\/wp-json\/wp\/v2\/users\/1"}],"replies":[{"embeddable":true,"href":"https:\/\/website.javelot.ag\/pl\/wp-json\/wp\/v2\/comments?post=21"}],"version-history":[{"count":5,"href":"https:\/\/website.javelot.ag\/pl\/wp-json\/wp\/v2\/pages\/21\/revisions"}],"predecessor-version":[{"id":2256,"href":"https:\/\/website.javelot.ag\/pl\/wp-json\/wp\/v2\/pages\/21\/revisions\/2256"}],"wp:attachment":[{"href":"https:\/\/website.javelot.ag\/pl\/wp-json\/wp\/v2\/media?parent=21"}],"curies":[{"name":"wp","href":"https:\/\/api.w.org\/{rel}","templated":true}]}}