{"id":33,"date":"2023-05-09T12:19:58","date_gmt":"2023-05-09T10:19:58","guid":{"rendered":"https:\/\/www.javelot-agriculture.com\/?page_id=33"},"modified":"2024-01-03T15:29:15","modified_gmt":"2024-01-03T14:29:15","slug":"lapres-recolte-plus-efficace","status":"publish","type":"page","link":"https:\/\/website.javelot.ag\/pl\/zalety\/wydajniejsza-praca-pozniwna\/","title":{"rendered":"Wydajniejsza praca po\u017cniwna"},"content":{"rendered":"","protected":false},"excerpt":{"rendered":"","protected":false},"author":1,"featured_media":0,"parent":587,"menu_order":2,"comment_status":"closed","ping_status":"closed","template":"","meta":{"_acf_changed":false,"inline_featured_image":false,"footnotes":""},"class_list":["post-33","page","type-page","status-publish","hentry"],"acf":[],"yoast_head":"<!-- This site is optimized with the Yoast SEO plugin v23.9 - https:\/\/yoast.com\/wordpress\/plugins\/seo\/ -->\n<title>L&#039;apr\u00e8s-r\u00e9colte plus efficace | Javelot<\/title>\n<meta name=\"description\" content=\"Une Agritech au service d&#039;une apr\u00e8s-r\u00e9colte plus efficace : sobri\u00e9t\u00e9 \u00e9nerg\u00e9tique, r\u00e9ductions des insecticides, des co\u00fbts logistiques...\" \/>\n<meta name=\"robots\" content=\"index, follow, max-snippet:-1, max-image-preview:large, max-video-preview:-1\" \/>\n<link rel=\"canonical\" href=\"https:\/\/website.javelot.ag\/pl\/zalety\/wydajniejsza-praca-pozniwna\/\" \/>\n<meta property=\"og:locale\" content=\"pl_PL\" \/>\n<meta property=\"og:type\" content=\"article\" \/>\n<meta property=\"og:title\" content=\"L&#039;apr\u00e8s-r\u00e9colte plus efficace | Javelot\" \/>\n<meta property=\"og:description\" content=\"Une Agritech au service d&#039;une apr\u00e8s-r\u00e9colte plus efficace : sobri\u00e9t\u00e9 \u00e9nerg\u00e9tique, r\u00e9ductions des insecticides, des co\u00fbts logistiques...\" \/>\n<meta property=\"og:url\" content=\"https:\/\/website.javelot.ag\/pl\/zalety\/wydajniejsza-praca-pozniwna\/\" \/>\n<meta property=\"og:site_name\" content=\"Javelot\" \/>\n<meta property=\"article:modified_time\" content=\"2024-01-03T14:29:15+00:00\" \/>\n<meta name=\"twitter:card\" content=\"summary_large_image\" \/>\n<script type=\"application\/ld+json\" class=\"yoast-schema-graph\">{\"@context\":\"https:\/\/schema.org\",\"@graph\":[{\"@type\":\"WebPage\",\"@id\":\"https:\/\/website.javelot.ag\/benefices\/lapres-recolte-plus-efficace\/\",\"url\":\"https:\/\/website.javelot.ag\/benefices\/lapres-recolte-plus-efficace\/\",\"name\":\"L'apr\u00e8s-r\u00e9colte plus efficace | Javelot\",\"isPartOf\":{\"@id\":\"https:\/\/website.javelot.ag\/#website\"},\"datePublished\":\"2023-05-09T10:19:58+00:00\",\"dateModified\":\"2024-01-03T14:29:15+00:00\",\"description\":\"Une Agritech au service d'une apr\u00e8s-r\u00e9colte plus efficace : sobri\u00e9t\u00e9 \u00e9nerg\u00e9tique, r\u00e9ductions des insecticides, des co\u00fbts logistiques...\",\"breadcrumb\":{\"@id\":\"https:\/\/website.javelot.ag\/benefices\/lapres-recolte-plus-efficace\/#breadcrumb\"},\"inLanguage\":\"pl-PL\",\"potentialAction\":[{\"@type\":\"ReadAction\",\"target\":[\"https:\/\/website.javelot.ag\/benefices\/lapres-recolte-plus-efficace\/\"]}]},{\"@type\":\"BreadcrumbList\",\"@id\":\"https:\/\/website.javelot.ag\/benefices\/lapres-recolte-plus-efficace\/#breadcrumb\",\"itemListElement\":[{\"@type\":\"ListItem\",\"position\":1,\"name\":\"Accueil\",\"item\":\"https:\/\/website.javelot.ag\/\"},{\"@type\":\"ListItem\",\"position\":2,\"name\":\"B\u00e9n\u00e9fices\",\"item\":\"https:\/\/website.javelot.ag\/benefices\/\"},{\"@type\":\"ListItem\",\"position\":3,\"name\":\"L'apr\u00e8s-r\u00e9colte plus efficace\"}]},{\"@type\":\"WebSite\",\"@id\":\"https:\/\/website.javelot.ag\/#website\",\"url\":\"https:\/\/website.javelot.ag\/\",\"name\":\"Javelot\",\"description\":\"Une Agritech qui optimise le stockage et la logistique agricole\",\"publisher\":{\"@id\":\"https:\/\/website.javelot.ag\/#organization\"},\"potentialAction\":[{\"@type\":\"SearchAction\",\"target\":{\"@type\":\"EntryPoint\",\"urlTemplate\":\"https:\/\/website.javelot.ag\/?s={search_term_string}\"},\"query-input\":{\"@type\":\"PropertyValueSpecification\",\"valueRequired\":true,\"valueName\":\"search_term_string\"}}],\"inLanguage\":\"pl-PL\"},{\"@type\":\"Organization\",\"@id\":\"https:\/\/website.javelot.ag\/#organization\",\"name\":\"Javelot\",\"url\":\"https:\/\/website.javelot.ag\/\",\"logo\":{\"@type\":\"ImageObject\",\"inLanguage\":\"pl-PL\",\"@id\":\"https:\/\/website.javelot.ag\/#\/schema\/logo\/image\/\",\"url\":\"https:\/\/www.javelot-agriculture.com\/wp-content\/uploads\/2023\/07\/Group-85.svg\",\"contentUrl\":\"https:\/\/www.javelot-agriculture.com\/wp-content\/uploads\/2023\/07\/Group-85.svg\",\"width\":173,\"height\":176,\"caption\":\"Javelot\"},\"image\":{\"@id\":\"https:\/\/website.javelot.ag\/#\/schema\/logo\/image\/\"}}]}<\/script>\n<!-- \/ Yoast SEO plugin. -->","yoast_head_json":{"title":"L'apr\u00e8s-r\u00e9colte plus efficace | Javelot","description":"Une Agritech au service d'une apr\u00e8s-r\u00e9colte plus efficace : sobri\u00e9t\u00e9 \u00e9nerg\u00e9tique, r\u00e9ductions des insecticides, des co\u00fbts logistiques...","robots":{"index":"index","follow":"follow","max-snippet":"max-snippet:-1","max-image-preview":"max-image-preview:large","max-video-preview":"max-video-preview:-1"},"canonical":"https:\/\/website.javelot.ag\/pl\/zalety\/wydajniejsza-praca-pozniwna\/","og_locale":"pl_PL","og_type":"article","og_title":"L'apr\u00e8s-r\u00e9colte plus efficace | Javelot","og_description":"Une Agritech au service d'une apr\u00e8s-r\u00e9colte plus efficace : sobri\u00e9t\u00e9 \u00e9nerg\u00e9tique, r\u00e9ductions des insecticides, des co\u00fbts logistiques...","og_url":"https:\/\/website.javelot.ag\/pl\/zalety\/wydajniejsza-praca-pozniwna\/","og_site_name":"Javelot","article_modified_time":"2024-01-03T14:29:15+00:00","twitter_card":"summary_large_image","schema":{"@context":"https:\/\/schema.org","@graph":[{"@type":"WebPage","@id":"https:\/\/website.javelot.ag\/benefices\/lapres-recolte-plus-efficace\/","url":"https:\/\/website.javelot.ag\/benefices\/lapres-recolte-plus-efficace\/","name":"L'apr\u00e8s-r\u00e9colte plus efficace | Javelot","isPartOf":{"@id":"https:\/\/website.javelot.ag\/#website"},"datePublished":"2023-05-09T10:19:58+00:00","dateModified":"2024-01-03T14:29:15+00:00","description":"Une Agritech au service d'une apr\u00e8s-r\u00e9colte plus efficace : sobri\u00e9t\u00e9 \u00e9nerg\u00e9tique, r\u00e9ductions des insecticides, des co\u00fbts logistiques...","breadcrumb":{"@id":"https:\/\/website.javelot.ag\/benefices\/lapres-recolte-plus-efficace\/#breadcrumb"},"inLanguage":"pl-PL","potentialAction":[{"@type":"ReadAction","target":["https:\/\/website.javelot.ag\/benefices\/lapres-recolte-plus-efficace\/"]}]},{"@type":"BreadcrumbList","@id":"https:\/\/website.javelot.ag\/benefices\/lapres-recolte-plus-efficace\/#breadcrumb","itemListElement":[{"@type":"ListItem","position":1,"name":"Accueil","item":"https:\/\/website.javelot.ag\/"},{"@type":"ListItem","position":2,"name":"B\u00e9n\u00e9fices","item":"https:\/\/website.javelot.ag\/benefices\/"},{"@type":"ListItem","position":3,"name":"L'apr\u00e8s-r\u00e9colte plus efficace"}]},{"@type":"WebSite","@id":"https:\/\/website.javelot.ag\/#website","url":"https:\/\/website.javelot.ag\/","name":"Javelot","description":"Une Agritech qui optimise le stockage et la logistique agricole","publisher":{"@id":"https:\/\/website.javelot.ag\/#organization"},"potentialAction":[{"@type":"SearchAction","target":{"@type":"EntryPoint","urlTemplate":"https:\/\/website.javelot.ag\/?s={search_term_string}"},"query-input":{"@type":"PropertyValueSpecification","valueRequired":true,"valueName":"search_term_string"}}],"inLanguage":"pl-PL"},{"@type":"Organization","@id":"https:\/\/website.javelot.ag\/#organization","name":"Javelot","url":"https:\/\/website.javelot.ag\/","logo":{"@type":"ImageObject","inLanguage":"pl-PL","@id":"https:\/\/website.javelot.ag\/#\/schema\/logo\/image\/","url":"https:\/\/www.javelot-agriculture.com\/wp-content\/uploads\/2023\/07\/Group-85.svg","contentUrl":"https:\/\/www.javelot-agriculture.com\/wp-content\/uploads\/2023\/07\/Group-85.svg","width":173,"height":176,"caption":"Javelot"},"image":{"@id":"https:\/\/website.javelot.ag\/#\/schema\/logo\/image\/"}}]}},"_links":{"self":[{"href":"https:\/\/website.javelot.ag\/pl\/wp-json\/wp\/v2\/pages\/33","targetHints":{"allow":["GET"]}}],"collection":[{"href":"https:\/\/website.javelot.ag\/pl\/wp-json\/wp\/v2\/pages"}],"about":[{"href":"https:\/\/website.javelot.ag\/pl\/wp-json\/wp\/v2\/types\/page"}],"author":[{"embeddable":true,"href":"https:\/\/website.javelot.ag\/pl\/wp-json\/wp\/v2\/users\/1"}],"replies":[{"embeddable":true,"href":"https:\/\/website.javelot.ag\/pl\/wp-json\/wp\/v2\/comments?post=33"}],"version-history":[{"count":3,"href":"https:\/\/website.javelot.ag\/pl\/wp-json\/wp\/v2\/pages\/33\/revisions"}],"predecessor-version":[{"id":1300,"href":"https:\/\/website.javelot.ag\/pl\/wp-json\/wp\/v2\/pages\/33\/revisions\/1300"}],"up":[{"embeddable":true,"href":"https:\/\/website.javelot.ag\/pl\/wp-json\/wp\/v2\/pages\/587"}],"wp:attachment":[{"href":"https:\/\/website.javelot.ag\/pl\/wp-json\/wp\/v2\/media?parent=33"}],"curies":[{"name":"wp","href":"https:\/\/api.w.org\/{rel}","templated":true}]}}