{"id":34,"date":"2023-05-09T12:20:15","date_gmt":"2023-05-09T10:20:15","guid":{"rendered":"https:\/\/www.javelot-agriculture.com\/?page_id=34"},"modified":"2024-12-10T12:13:03","modified_gmt":"2024-12-10T11:13:03","slug":"lapres-recolte-plus-responsable","status":"publish","type":"page","link":"https:\/\/website.javelot.ag\/pl\/zalety\/odpowiedzialniejsza-praca-pozniwna\/","title":{"rendered":"Odpowiedzialniejsza praca po\u017cniwna"},"content":{"rendered":"","protected":false},"excerpt":{"rendered":"","protected":false},"author":1,"featured_media":0,"parent":587,"menu_order":3,"comment_status":"closed","ping_status":"closed","template":"","meta":{"_acf_changed":false,"inline_featured_image":false,"footnotes":""},"class_list":["post-34","page","type-page","status-publish","hentry"],"acf":[],"yoast_head":"<!-- This site is optimized with the Yoast SEO plugin v23.9 - https:\/\/yoast.com\/wordpress\/plugins\/seo\/ -->\n<title>Transition agro\u00e9cologique : l&#039;apr\u00e8s-r\u00e9colte plus responsable | Javelot<\/title>\n<meta name=\"description\" content=\"D\u00e9couvrez les solutions Javelot pour une gestion durable de l&#039;apr\u00e8s-r\u00e9colte : r\u00e9duction des phytosanitaires, d\u00e9carbonation, et optimisation des op\u00e9rations pour soutenir la transition agro\u00e9cologique.\" \/>\n<meta name=\"robots\" content=\"index, follow, max-snippet:-1, max-image-preview:large, max-video-preview:-1\" \/>\n<link rel=\"canonical\" href=\"https:\/\/website.javelot.ag\/pl\/zalety\/odpowiedzialniejsza-praca-pozniwna\/\" \/>\n<meta property=\"og:locale\" content=\"pl_PL\" \/>\n<meta property=\"og:type\" content=\"article\" \/>\n<meta property=\"og:title\" content=\"Transition agro\u00e9cologique : l&#039;apr\u00e8s-r\u00e9colte plus responsable | Javelot\" \/>\n<meta property=\"og:description\" content=\"D\u00e9couvrez les solutions Javelot pour une gestion durable de l&#039;apr\u00e8s-r\u00e9colte : r\u00e9duction des phytosanitaires, d\u00e9carbonation, et optimisation des op\u00e9rations pour soutenir la transition agro\u00e9cologique.\" \/>\n<meta property=\"og:url\" content=\"https:\/\/website.javelot.ag\/pl\/zalety\/odpowiedzialniejsza-praca-pozniwna\/\" \/>\n<meta property=\"og:site_name\" content=\"Javelot\" \/>\n<meta property=\"article:modified_time\" content=\"2024-12-10T11:13:03+00:00\" \/>\n<meta name=\"twitter:card\" content=\"summary_large_image\" \/>\n<meta name=\"twitter:label1\" content=\"Est. reading time\" \/>\n\t<meta name=\"twitter:data1\" content=\"6 minutes\" \/>\n<script type=\"application\/ld+json\" class=\"yoast-schema-graph\">{\"@context\":\"https:\/\/schema.org\",\"@graph\":[{\"@type\":\"WebPage\",\"@id\":\"https:\/\/website.javelot.ag\/en\/benefits\/more-responsible-post-harvest\/\",\"url\":\"https:\/\/website.javelot.ag\/en\/benefits\/more-responsible-post-harvest\/\",\"name\":\"Transition agro\u00e9cologique : l'apr\u00e8s-r\u00e9colte plus responsable | Javelot\",\"isPartOf\":{\"@id\":\"https:\/\/website.javelot.ag\/#website\"},\"datePublished\":\"2023-05-09T10:20:15+00:00\",\"dateModified\":\"2024-12-10T11:13:03+00:00\",\"description\":\"D\u00e9couvrez les solutions Javelot pour une gestion durable de l'apr\u00e8s-r\u00e9colte : r\u00e9duction des phytosanitaires, d\u00e9carbonation, et optimisation des op\u00e9rations pour soutenir la transition agro\u00e9cologique.\",\"breadcrumb\":{\"@id\":\"https:\/\/website.javelot.ag\/en\/benefits\/more-responsible-post-harvest\/#breadcrumb\"},\"inLanguage\":\"pl-PL\",\"potentialAction\":[{\"@type\":\"ReadAction\",\"target\":[\"https:\/\/website.javelot.ag\/en\/benefits\/more-responsible-post-harvest\/\"]}]},{\"@type\":\"BreadcrumbList\",\"@id\":\"https:\/\/website.javelot.ag\/en\/benefits\/more-responsible-post-harvest\/#breadcrumb\",\"itemListElement\":[{\"@type\":\"ListItem\",\"position\":1,\"name\":\"Accueil\",\"item\":\"https:\/\/website.javelot.ag\/\"},{\"@type\":\"ListItem\",\"position\":2,\"name\":\"B\u00e9n\u00e9fices\",\"item\":\"https:\/\/website.javelot.ag\/benefices\/\"},{\"@type\":\"ListItem\",\"position\":3,\"name\":\"L'apr\u00e8s r\u00e9colte plus responsable\"}]},{\"@type\":\"WebSite\",\"@id\":\"https:\/\/website.javelot.ag\/#website\",\"url\":\"https:\/\/website.javelot.ag\/\",\"name\":\"Javelot\",\"description\":\"Une Agritech qui optimise le stockage et la logistique agricole\",\"publisher\":{\"@id\":\"https:\/\/website.javelot.ag\/#organization\"},\"potentialAction\":[{\"@type\":\"SearchAction\",\"target\":{\"@type\":\"EntryPoint\",\"urlTemplate\":\"https:\/\/website.javelot.ag\/?s={search_term_string}\"},\"query-input\":{\"@type\":\"PropertyValueSpecification\",\"valueRequired\":true,\"valueName\":\"search_term_string\"}}],\"inLanguage\":\"pl-PL\"},{\"@type\":\"Organization\",\"@id\":\"https:\/\/website.javelot.ag\/#organization\",\"name\":\"Javelot\",\"url\":\"https:\/\/website.javelot.ag\/\",\"logo\":{\"@type\":\"ImageObject\",\"inLanguage\":\"pl-PL\",\"@id\":\"https:\/\/website.javelot.ag\/#\/schema\/logo\/image\/\",\"url\":\"https:\/\/www.javelot-agriculture.com\/wp-content\/uploads\/2023\/07\/Group-85.svg\",\"contentUrl\":\"https:\/\/www.javelot-agriculture.com\/wp-content\/uploads\/2023\/07\/Group-85.svg\",\"width\":173,\"height\":176,\"caption\":\"Javelot\"},\"image\":{\"@id\":\"https:\/\/website.javelot.ag\/#\/schema\/logo\/image\/\"}}]}<\/script>\n<!-- \/ Yoast SEO plugin. -->","yoast_head_json":{"title":"Transition agro\u00e9cologique : l'apr\u00e8s-r\u00e9colte plus responsable | Javelot","description":"D\u00e9couvrez les solutions Javelot pour une gestion durable de l'apr\u00e8s-r\u00e9colte : r\u00e9duction des phytosanitaires, d\u00e9carbonation, et optimisation des op\u00e9rations pour soutenir la transition agro\u00e9cologique.","robots":{"index":"index","follow":"follow","max-snippet":"max-snippet:-1","max-image-preview":"max-image-preview:large","max-video-preview":"max-video-preview:-1"},"canonical":"https:\/\/website.javelot.ag\/pl\/zalety\/odpowiedzialniejsza-praca-pozniwna\/","og_locale":"pl_PL","og_type":"article","og_title":"Transition agro\u00e9cologique : l'apr\u00e8s-r\u00e9colte plus responsable | Javelot","og_description":"D\u00e9couvrez les solutions Javelot pour une gestion durable de l'apr\u00e8s-r\u00e9colte : r\u00e9duction des phytosanitaires, d\u00e9carbonation, et optimisation des op\u00e9rations pour soutenir la transition agro\u00e9cologique.","og_url":"https:\/\/website.javelot.ag\/pl\/zalety\/odpowiedzialniejsza-praca-pozniwna\/","og_site_name":"Javelot","article_modified_time":"2024-12-10T11:13:03+00:00","twitter_card":"summary_large_image","twitter_misc":{"Est. reading time":"6 minutes"},"schema":{"@context":"https:\/\/schema.org","@graph":[{"@type":"WebPage","@id":"https:\/\/website.javelot.ag\/en\/benefits\/more-responsible-post-harvest\/","url":"https:\/\/website.javelot.ag\/en\/benefits\/more-responsible-post-harvest\/","name":"Transition agro\u00e9cologique : l'apr\u00e8s-r\u00e9colte plus responsable | Javelot","isPartOf":{"@id":"https:\/\/website.javelot.ag\/#website"},"datePublished":"2023-05-09T10:20:15+00:00","dateModified":"2024-12-10T11:13:03+00:00","description":"D\u00e9couvrez les solutions Javelot pour une gestion durable de l'apr\u00e8s-r\u00e9colte : r\u00e9duction des phytosanitaires, d\u00e9carbonation, et optimisation des op\u00e9rations pour soutenir la transition agro\u00e9cologique.","breadcrumb":{"@id":"https:\/\/website.javelot.ag\/en\/benefits\/more-responsible-post-harvest\/#breadcrumb"},"inLanguage":"pl-PL","potentialAction":[{"@type":"ReadAction","target":["https:\/\/website.javelot.ag\/en\/benefits\/more-responsible-post-harvest\/"]}]},{"@type":"BreadcrumbList","@id":"https:\/\/website.javelot.ag\/en\/benefits\/more-responsible-post-harvest\/#breadcrumb","itemListElement":[{"@type":"ListItem","position":1,"name":"Accueil","item":"https:\/\/website.javelot.ag\/"},{"@type":"ListItem","position":2,"name":"B\u00e9n\u00e9fices","item":"https:\/\/website.javelot.ag\/benefices\/"},{"@type":"ListItem","position":3,"name":"L'apr\u00e8s r\u00e9colte plus responsable"}]},{"@type":"WebSite","@id":"https:\/\/website.javelot.ag\/#website","url":"https:\/\/website.javelot.ag\/","name":"Javelot","description":"Une Agritech qui optimise le stockage et la logistique agricole","publisher":{"@id":"https:\/\/website.javelot.ag\/#organization"},"potentialAction":[{"@type":"SearchAction","target":{"@type":"EntryPoint","urlTemplate":"https:\/\/website.javelot.ag\/?s={search_term_string}"},"query-input":{"@type":"PropertyValueSpecification","valueRequired":true,"valueName":"search_term_string"}}],"inLanguage":"pl-PL"},{"@type":"Organization","@id":"https:\/\/website.javelot.ag\/#organization","name":"Javelot","url":"https:\/\/website.javelot.ag\/","logo":{"@type":"ImageObject","inLanguage":"pl-PL","@id":"https:\/\/website.javelot.ag\/#\/schema\/logo\/image\/","url":"https:\/\/www.javelot-agriculture.com\/wp-content\/uploads\/2023\/07\/Group-85.svg","contentUrl":"https:\/\/www.javelot-agriculture.com\/wp-content\/uploads\/2023\/07\/Group-85.svg","width":173,"height":176,"caption":"Javelot"},"image":{"@id":"https:\/\/website.javelot.ag\/#\/schema\/logo\/image\/"}}]}},"_links":{"self":[{"href":"https:\/\/website.javelot.ag\/pl\/wp-json\/wp\/v2\/pages\/34","targetHints":{"allow":["GET"]}}],"collection":[{"href":"https:\/\/website.javelot.ag\/pl\/wp-json\/wp\/v2\/pages"}],"about":[{"href":"https:\/\/website.javelot.ag\/pl\/wp-json\/wp\/v2\/types\/page"}],"author":[{"embeddable":true,"href":"https:\/\/website.javelot.ag\/pl\/wp-json\/wp\/v2\/users\/1"}],"replies":[{"embeddable":true,"href":"https:\/\/website.javelot.ag\/pl\/wp-json\/wp\/v2\/comments?post=34"}],"version-history":[{"count":3,"href":"https:\/\/website.javelot.ag\/pl\/wp-json\/wp\/v2\/pages\/34\/revisions"}],"predecessor-version":[{"id":207,"href":"https:\/\/website.javelot.ag\/pl\/wp-json\/wp\/v2\/pages\/34\/revisions\/207"}],"up":[{"embeddable":true,"href":"https:\/\/website.javelot.ag\/pl\/wp-json\/wp\/v2\/pages\/587"}],"wp:attachment":[{"href":"https:\/\/website.javelot.ag\/pl\/wp-json\/wp\/v2\/media?parent=34"}],"curies":[{"name":"wp","href":"https:\/\/api.w.org\/{rel}","templated":true}]}}